{"id":98,"date":"2019-07-16T21:09:56","date_gmt":"2019-07-16T19:09:56","guid":{"rendered":"http:\/\/gr\u00fcnling-mainz.de\/seiten\/?page_id=98"},"modified":"2024-01-29T20:27:35","modified_gmt":"2024-01-29T19:27:35","slug":"bilder","status":"publish","type":"page","link":"https:\/\/gr\u00fcnling-mainz.de\/seiten\/?page_id=98","title":{"rendered":"Bilder"},"content":{"rendered":"\n<h2 class=\"wp-block-heading\">(zum Vergr\u00f6\u00dfern bitte anklicken)<\/h2>\n\n\n\n<p><\/p>\n\n\n\n<p class=\"has-large-font-size\">Naturgarten-Eindr\u00fccke<\/p>\n\n\n\nngg_shortcode_0_placeholder\n\n\n\n<p class=\"has-large-font-size\">Gartenrundgang im Fr\u00fchherbst<\/p>\n\n\n\nngg_shortcode_1_placeholder\n\n\n\n<p><\/p>\n\n\n\n<p class=\"has-large-font-size\">Empfehlungen<\/p>\n\n\n<style type='text\/css' media='all'>#tss-container-341134479.tss-wrapper .tss-carousel1,\r\n\t\t\t\t\t\t\t#tss-container-341134479.tss-wrapper .tss-isotope1 .profile-img-wrapper:after,\r\n\t\t\t\t\t\t\t#tss-container-341134479.tss-wrapper .tss-layout9 .profile-img-wrapper:after,\r\n\t\t\t\t\t\t\t#tss-container-341134479.tss-wrapper .tss-isotope4 .profile-img-wrapper:after,\r\n\t\t\t\t\t\t\t#tss-container-341134479.tss-wrapper .tss-carousel9 .profile-img-wrapper:after {\r\n\t\t\t\t\t\t\t\tbackground: #c6c6c6 !important;\r\n\t\t\t\t\t\t\t}#tss-container-341134479.tss-wrapper .tss-layout10 .item-content-wrapper,\r\n\t\t\t\t\t#tss-container-341134479.tss-wrapper .tss-isotope3 .item-content-wrapper,\r\n\t\t\t\t\t#tss-container-341134479.tss-wrapper .tss-isotope5 .item-content-wrapper,\r\n\t\t\t\t\t#tss-container-341134479.tss-wrapper .tss-carousel10 .item-content-wrapper{background: transparent;}#tss-container-341134479.tss-wrapper .tss-utility button,\r\n\t\t\t\t\t\t#tss-container-341134479.tss-wrapper .tss-carousel-main .swiper-arrow,\r\n\t\t\t\t\t\t#tss-container-341134479.tss-wrapper .tss-carousel-main .swiper-pagination-bullet,\r\n\t\t\t\t\t\t#tss-container-341134479.tss-wrapper .tss-carousel .swiper-arrow,\r\n\t\t\t\t\t\t#tss-container-341134479.tss-wrapper .tss-carousel .swiper-pagination-bullet,\r\n\t\t\t\t\t\t#tss-container-341134479.tss-wrapper .tss-utility .rt-button,\r\n\t\t\t\t\t\t#tss-container-341134479.tss-wrapper .tss-pagination ul.pagination-list li a,\r\n\t\t\t\t\t\t#tss-container-341134479.tss-wrapper .tss-isotope-button-wrapper .rt-iso-button{background-color: #f9f9f9;}#tss-container-341134479.tss-wrapper .single-item-wrapper .item-content{color:#0a0a0a;}<\/style><div class='rt-container-fluid tss-wrapper ' id='tss-container-341134479'  data-layout='carousel3' data-desktop-col='1'  data-tab-col='2'  data-mobile-col='1'><div data-title='Loading ...' class='rt-row tss-carousel3 tss-even tss-pre-loader'><div class=\"carousel-wrapper\"><div  class='tss-carousel swiper'\r\n\t\t\t\t\t\t\t\t\t\tdata-loop='false'\r\n\t\t\t\t\t\t\t\t\t\tdata-items-desktop='1'\r\n\t\t\t\t\t\t\t\t\t\tdata-items-tab='2'\r\n\t\t\t\t\t\t\t\t\t\tdata-items-mobile='1'\r\n\t\t\t\t\t\t\t\t\t\tdata-autoplay='true'\r\n\t\t\t\t\t\t\t\t\t\tdata-autoplay-timeout='10000'\r\n\t\t\t\t\t\t\t\t\t\tdata-autoplay-hover-pause='false'\r\n\t\t\t\t\t\t\t\t\t\tdata-dots='true'\r\n\t\t\t\t\t\t\t\t\t\tdata-nav='false'\r\n\t\t\t\t\t\t\t\t\t\tdata-lazy-load='false'\r\n\t\t\t\t\t\t\t\t\t\tdata-auto-height='false'\r\n\t\t\t\t\t\t\t\t\t\tdata-smart-speed='3000'\r\n\t\t\t\t\t\t\t\t\t\t><div class=\"swiper-wrapper\"><div class='rt-col-md-12 rt-col-sm-12 rt-col-xs-12 even-grid-item tss-grid-item slide-item swiper-slide even-grid-item default-margin'><div class=\"single-item-wrapper\"><div class=\"tss-meta-info\"><\/div><h3 class='author-name'>Kristina H., Mainz<\/h3><div class=\"item-content-wrapper\"><div class='item-content'>Herr Baring Liegnitz hat es geschafft, unseren Schottervorgarten mit Pflanzk\u00fcbeln wiederzubeleben. Statt einer Steinw\u00fcste haben wir jetzt ein summendes, brummendes Insektenparadies. Wir Menschen k\u00f6nnen uns von Fr\u00fchjahr bis Herbst an den nacheinander bl\u00fchenden Pflanzen erfreuen. Das hat uns so gut gefallen, dass wir auch den gro\u00dfen Garten hinter dem Haus mit ihm naturnah umgestaltet haben und gemeinsam mit ihm pflegen.&nbsp;\r\n\r\n<strong>&nbsp;<\/strong>\r\n\r\n&nbsp;<\/div><\/div><\/div><\/div><div class='rt-col-md-12 rt-col-sm-12 rt-col-xs-12 even-grid-item tss-grid-item slide-item swiper-slide even-grid-item default-margin'><div class=\"single-item-wrapper\"><div class=\"tss-meta-info\"><\/div><h3 class='author-name'>Sabine Z., Mainz<\/h3><div class=\"item-content-wrapper\"><div class='item-content'>Durch die Kompetenz und das Einf\u00fchlungsverm\u00f6gen von Herrn Baring Liegnitz habe ich als absoluter Laie einen viel besseren Zugang zum Gr\u00fcn dieser Erde bekommen.\r\n\r\nIch genie\u00dfe es sehr, dass es auf meinem vorher ganz grauen Balkon nun beim Insekten-Bahnhof \"Blumenwiese\" nicht nur im Fr\u00fchjahr ein Landen und Summen und Brummen und Kommen und Gehen gibt.<\/div><\/div><\/div><\/div><div class='rt-col-md-12 rt-col-sm-12 rt-col-xs-12 even-grid-item tss-grid-item slide-item swiper-slide even-grid-item default-margin'><div class=\"single-item-wrapper\"><div class=\"tss-meta-info\"><\/div><h3 class='author-name'>Birgit S., Klein-Winternheim<\/h3><div class=\"item-content-wrapper\"><div class='item-content'>Pflegeleicht, dem Naturschutz verpflichtet - und, vor allem: wundersch\u00f6n sollte unser Vorgarten werden. Das ist aufs Beste gelungen - dank einer ebenso aufmerksamen wie umfassenden Beratung, die sich ausschlie\u00dflich an den jeweiligen Anforderungen des Kunden\/Standorts orientiert. Herrn Baring Liegnitz ist \u00fcbrigens alles andere als ein \"Verk\u00e4ufer\" - sondern vielmehr ein echter \"K\u00fcmmerer\", dem die Entwicklung \"seiner\" G\u00e4rten am Herzen liegt und diese ggf. auch langfristig beobachtet bzw. betreut.<\/div><\/div><\/div><\/div><\/div><div class=\"swiper-pagination\"><\/div><\/div><\/div><div class=\"rt-loading-overlay\"><\/div><div class=\"rt-loading rt-ball-clip-rotate\"><div><\/div><\/div><\/div><\/div>\n\n\n\n<p class=\"has-large-font-size\">Beispielgarten Nieder-Olm \/ Rheinhessen<\/p>\n\n\n\n<p><\/p>\n\n\n\n<iframe loading=\"lazy\" src=\"https:\/\/www.youtube-nocookie.com\/embed\/1LGcA0HuhHQ?rel=0\" allow=\"accelerometer; autoplay; clipboard-write; encrypted-media; gyroscope; picture-in-picture\" allowfullscreen=\"\" width=\"560\" height=\"315\" frameborder=\"1\"><\/iframe>\n\n\n\n<div class=\"wp-block-columns are-vertically-aligned-top is-layout-flex wp-container-core-columns-layout-1 wp-block-columns-is-layout-flex\">\n<div class=\"wp-block-column is-vertically-aligned-top is-layout-flow wp-block-column-is-layout-flow\" style=\"flex-basis:100%\">\n<figure class=\"wp-block-table alignleft is-style-stripes\"><table><tbody><tr><td><\/td><td><strong>Ort<\/strong>:<br>Nieder-Olm in Rheinhessen (eine der w\u00e4rmsten Gegenden Deutschlands)<br><br><strong>Gartengr\u00f6\u00dfe<\/strong>:<br>ca. 500-600 qm<br><br><strong>Bepflanzungsbeginn<\/strong>:<br>2012<br><br><strong>Standort<\/strong>:<br>Lehmboden\/Mergel, meist (sehr) trocken<br><br><strong>Lichtverh\u00e4ltnisse<\/strong>:<br>vollsonnig (- schattig)<br><br><strong>eingesetzte heimische Pflanzen<\/strong>:<br>Str\u00e4ucher allgemein (insbesondere auch Wildrosen und alte Rosensorten), Stauden allgemein, Kletterpflanzen, alte Obstsorten, Urobst, S\u00e4ulengeh\u00f6lze, Gro\u00dfstauden<br><br><strong>Gartenbestandteile<\/strong>:<br>Sichtschutzhecken teilweise mit Vorpflanzung, Kleinstrauchhecke, schmales Sichtschutzbeet, Obstbeet, niedriges Terrassenzierbeet, Sonnen- und Schatten-B\u00f6schung, Trockenmauer-Beet, B\u00e4ume im Einzelstand, Blumenrasen<\/td><\/tr><\/tbody><\/table><\/figure>\n<\/div>\n<\/div>\n\n\n\n<p class=\"has-large-font-size\">Heimische Balkonbepflanzung &#8211; auch f\u00fcr Insekten<\/p>\n\n\n\nngg_shortcode_2_placeholder\n\n\n\n<p><\/p>\n\n\n\n<hr class=\"wp-block-separator has-alpha-channel-opacity is-style-wide\"\/>\n\n\n\n<p><a href=\"#\">Nach oben springen<\/a><\/p>\n","protected":false},"excerpt":{"rendered":"<p>(zum Vergr\u00f6\u00dfern bitte anklicken) Naturgarten-Eindr\u00fccke Gartenrundgang im Fr\u00fchherbst Empfehlungen Beispielgarten Nieder-Olm \/ Rheinhessen Ort:Nieder-Olm in Rheinhessen (eine der w\u00e4rmsten Gegenden Deutschlands) Gartengr\u00f6\u00dfe:ca. 500-600 qm Bepflanzungsbeginn:2012 Standort:Lehmboden\/Mergel, meist (sehr) trocken Lichtverh\u00e4ltnisse:vollsonnig (- schattig) eingesetzte heimische Pflanzen:Str\u00e4ucher allgemein (insbesondere auch Wildrosen und &hellip; <a href=\"https:\/\/gr\u00fcnling-mainz.de\/seiten\/?testimonial=birgit-s-klein-winternheim\">Weiterlesen <span class=\"meta-nav\">&rarr;<\/span><\/a><\/p>\n","protected":false},"author":1,"featured_media":0,"parent":0,"menu_order":0,"comment_status":"closed","ping_status":"closed","template":"","meta":{"ngg_post_thumbnail":0,"footnotes":""},"yoast_head":"<!-- This site is optimized with the Yoast SEO plugin v23.5 - https:\/\/yoast.com\/wordpress\/plugins\/seo\/ -->\n<title>Bilder - Naturgartenplanung in W\u00fcrzburg, Mainz und Umgebung<\/title>\n<meta name=\"robots\" content=\"index, follow, max-snippet:-1, max-image-preview:large, max-video-preview:-1\" \/>\n<link rel=\"canonical\" href=\"https:\/\/gr\u00fcnling-mainz.de\/seiten\/?page_id=98\" \/>\n<meta property=\"og:locale\" content=\"de_DE\" \/>\n<meta property=\"og:type\" content=\"article\" \/>\n<meta property=\"og:title\" content=\"Bilder - Naturgartenplanung in W\u00fcrzburg, Mainz und Umgebung\" \/>\n<meta property=\"og:description\" content=\"(zum Vergr\u00f6\u00dfern bitte anklicken) Naturgarten-Eindr\u00fccke Gartenrundgang im Fr\u00fchherbst Empfehlungen Beispielgarten Nieder-Olm \/ Rheinhessen Ort:Nieder-Olm in Rheinhessen (eine der w\u00e4rmsten Gegenden Deutschlands) Gartengr\u00f6\u00dfe:ca. 500-600 qm Bepflanzungsbeginn:2012 Standort:Lehmboden\/Mergel, meist (sehr) trocken Lichtverh\u00e4ltnisse:vollsonnig (- schattig) eingesetzte heimische Pflanzen:Str\u00e4ucher allgemein (insbesondere auch Wildrosen und &hellip; Weiterlesen &rarr;\" \/>\n<meta property=\"og:url\" content=\"https:\/\/gr\u00fcnling-mainz.de\/seiten\/?page_id=98\" \/>\n<meta property=\"og:site_name\" content=\"Naturgartenplanung in W\u00fcrzburg, Mainz und Umgebung\" \/>\n<meta property=\"article:modified_time\" content=\"2024-01-29T19:27:35+00:00\" \/>\n<meta name=\"twitter:card\" content=\"summary_large_image\" \/>\n<meta name=\"twitter:label1\" content=\"Gesch\u00e4tzte Lesezeit\" \/>\n\t<meta name=\"twitter:data1\" content=\"1\u00a0Minute\" \/>\n<script type=\"application\/ld+json\" class=\"yoast-schema-graph\">{\"@context\":\"https:\/\/schema.org\",\"@graph\":[{\"@type\":\"WebPage\",\"@id\":\"https:\/\/gr\u00fcnling-mainz.de\/seiten\/?page_id=98\",\"url\":\"https:\/\/gr\u00fcnling-mainz.de\/seiten\/?page_id=98\",\"name\":\"Bilder - Naturgartenplanung in W\u00fcrzburg, Mainz und Umgebung\",\"isPartOf\":{\"@id\":\"https:\/\/gr\u00fcnling-mainz.de\/seiten\/#website\"},\"datePublished\":\"2019-07-16T19:09:56+00:00\",\"dateModified\":\"2024-01-29T19:27:35+00:00\",\"breadcrumb\":{\"@id\":\"https:\/\/gr\u00fcnling-mainz.de\/seiten\/?page_id=98#breadcrumb\"},\"inLanguage\":\"de\",\"potentialAction\":[{\"@type\":\"ReadAction\",\"target\":[\"https:\/\/gr\u00fcnling-mainz.de\/seiten\/?page_id=98\"]}]},{\"@type\":\"BreadcrumbList\",\"@id\":\"https:\/\/gr\u00fcnling-mainz.de\/seiten\/?page_id=98#breadcrumb\",\"itemListElement\":[{\"@type\":\"ListItem\",\"position\":1,\"name\":\"Startseite\",\"item\":\"https:\/\/gr\u00fcnling-mainz.de\/seiten\/\"},{\"@type\":\"ListItem\",\"position\":2,\"name\":\"Bilder\"}]},{\"@type\":\"WebSite\",\"@id\":\"https:\/\/gr\u00fcnling-mainz.de\/seiten\/#website\",\"url\":\"https:\/\/gr\u00fcnling-mainz.de\/seiten\/\",\"name\":\"Naturgartenplanung in W\u00fcrzburg, Mainz und Umgebung\",\"description\":\"Gr\u00fcnling - Neues Leben f\u00fcr Ihren Garten\",\"publisher\":{\"@id\":\"https:\/\/gr\u00fcnling-mainz.de\/seiten\/#organization\"},\"potentialAction\":[{\"@type\":\"SearchAction\",\"target\":{\"@type\":\"EntryPoint\",\"urlTemplate\":\"https:\/\/gr\u00fcnling-mainz.de\/seiten\/?s={search_term_string}\"},\"query-input\":{\"@type\":\"PropertyValueSpecification\",\"valueRequired\":true,\"valueName\":\"search_term_string\"}}],\"inLanguage\":\"de\"},{\"@type\":\"Organization\",\"@id\":\"https:\/\/gr\u00fcnling-mainz.de\/seiten\/#organization\",\"name\":\"Naturnahe Gartengestaltung - Gerold Baring Liegnitz\",\"url\":\"https:\/\/gr\u00fcnling-mainz.de\/seiten\/\",\"logo\":{\"@type\":\"ImageObject\",\"inLanguage\":\"de\",\"@id\":\"https:\/\/gr\u00fcnling-mainz.de\/seiten\/#\/schema\/logo\/image\/\",\"url\":\"https:\/\/gr\u00fcnling-mainz.de\/seiten\/wp-content\/uploads\/2019\/07\/KL-P1070667.jpg\",\"contentUrl\":\"https:\/\/gr\u00fcnling-mainz.de\/seiten\/wp-content\/uploads\/2019\/07\/KL-P1070667.jpg\",\"width\":683,\"height\":1024,\"caption\":\"Naturnahe Gartengestaltung - Gerold Baring Liegnitz\"},\"image\":{\"@id\":\"https:\/\/gr\u00fcnling-mainz.de\/seiten\/#\/schema\/logo\/image\/\"}}]}<\/script>\n<!-- \/ Yoast SEO plugin. -->","yoast_head_json":{"title":"Bilder - Naturgartenplanung in W\u00fcrzburg, Mainz und Umgebung","robots":{"index":"index","follow":"follow","max-snippet":"max-snippet:-1","max-image-preview":"max-image-preview:large","max-video-preview":"max-video-preview:-1"},"canonical":"https:\/\/gr\u00fcnling-mainz.de\/seiten\/?page_id=98","og_locale":"de_DE","og_type":"article","og_title":"Bilder - Naturgartenplanung in W\u00fcrzburg, Mainz und Umgebung","og_description":"(zum Vergr\u00f6\u00dfern bitte anklicken) Naturgarten-Eindr\u00fccke Gartenrundgang im Fr\u00fchherbst Empfehlungen Beispielgarten Nieder-Olm \/ Rheinhessen Ort:Nieder-Olm in Rheinhessen (eine der w\u00e4rmsten Gegenden Deutschlands) Gartengr\u00f6\u00dfe:ca. 500-600 qm Bepflanzungsbeginn:2012 Standort:Lehmboden\/Mergel, meist (sehr) trocken Lichtverh\u00e4ltnisse:vollsonnig (- schattig) eingesetzte heimische Pflanzen:Str\u00e4ucher allgemein (insbesondere auch Wildrosen und &hellip; Weiterlesen &rarr;","og_url":"https:\/\/gr\u00fcnling-mainz.de\/seiten\/?page_id=98","og_site_name":"Naturgartenplanung in W\u00fcrzburg, Mainz und Umgebung","article_modified_time":"2024-01-29T19:27:35+00:00","twitter_card":"summary_large_image","twitter_misc":{"Gesch\u00e4tzte Lesezeit":"1\u00a0Minute"},"schema":{"@context":"https:\/\/schema.org","@graph":[{"@type":"WebPage","@id":"https:\/\/gr\u00fcnling-mainz.de\/seiten\/?page_id=98","url":"https:\/\/gr\u00fcnling-mainz.de\/seiten\/?page_id=98","name":"Bilder - Naturgartenplanung in W\u00fcrzburg, Mainz und Umgebung","isPartOf":{"@id":"https:\/\/gr\u00fcnling-mainz.de\/seiten\/#website"},"datePublished":"2019-07-16T19:09:56+00:00","dateModified":"2024-01-29T19:27:35+00:00","breadcrumb":{"@id":"https:\/\/gr\u00fcnling-mainz.de\/seiten\/?page_id=98#breadcrumb"},"inLanguage":"de","potentialAction":[{"@type":"ReadAction","target":["https:\/\/gr\u00fcnling-mainz.de\/seiten\/?page_id=98"]}]},{"@type":"BreadcrumbList","@id":"https:\/\/gr\u00fcnling-mainz.de\/seiten\/?page_id=98#breadcrumb","itemListElement":[{"@type":"ListItem","position":1,"name":"Startseite","item":"https:\/\/gr\u00fcnling-mainz.de\/seiten\/"},{"@type":"ListItem","position":2,"name":"Bilder"}]},{"@type":"WebSite","@id":"https:\/\/gr\u00fcnling-mainz.de\/seiten\/#website","url":"https:\/\/gr\u00fcnling-mainz.de\/seiten\/","name":"Naturgartenplanung in W\u00fcrzburg, Mainz und Umgebung","description":"Gr\u00fcnling - Neues Leben f\u00fcr Ihren Garten","publisher":{"@id":"https:\/\/gr\u00fcnling-mainz.de\/seiten\/#organization"},"potentialAction":[{"@type":"SearchAction","target":{"@type":"EntryPoint","urlTemplate":"https:\/\/gr\u00fcnling-mainz.de\/seiten\/?s={search_term_string}"},"query-input":{"@type":"PropertyValueSpecification","valueRequired":true,"valueName":"search_term_string"}}],"inLanguage":"de"},{"@type":"Organization","@id":"https:\/\/gr\u00fcnling-mainz.de\/seiten\/#organization","name":"Naturnahe Gartengestaltung - Gerold Baring Liegnitz","url":"https:\/\/gr\u00fcnling-mainz.de\/seiten\/","logo":{"@type":"ImageObject","inLanguage":"de","@id":"https:\/\/gr\u00fcnling-mainz.de\/seiten\/#\/schema\/logo\/image\/","url":"https:\/\/gr\u00fcnling-mainz.de\/seiten\/wp-content\/uploads\/2019\/07\/KL-P1070667.jpg","contentUrl":"https:\/\/gr\u00fcnling-mainz.de\/seiten\/wp-content\/uploads\/2019\/07\/KL-P1070667.jpg","width":683,"height":1024,"caption":"Naturnahe Gartengestaltung - Gerold Baring Liegnitz"},"image":{"@id":"https:\/\/gr\u00fcnling-mainz.de\/seiten\/#\/schema\/logo\/image\/"}}]}},"_links":{"self":[{"href":"https:\/\/gr\u00fcnling-mainz.de\/seiten\/index.php?rest_route=\/wp\/v2\/pages\/98"}],"collection":[{"href":"https:\/\/gr\u00fcnling-mainz.de\/seiten\/index.php?rest_route=\/wp\/v2\/pages"}],"about":[{"href":"https:\/\/gr\u00fcnling-mainz.de\/seiten\/index.php?rest_route=\/wp\/v2\/types\/page"}],"author":[{"embeddable":true,"href":"https:\/\/gr\u00fcnling-mainz.de\/seiten\/index.php?rest_route=\/wp\/v2\/users\/1"}],"replies":[{"embeddable":true,"href":"https:\/\/gr\u00fcnling-mainz.de\/seiten\/index.php?rest_route=%2Fwp%2Fv2%2Fcomments&post=98"}],"version-history":[{"count":35,"href":"https:\/\/gr\u00fcnling-mainz.de\/seiten\/index.php?rest_route=\/wp\/v2\/pages\/98\/revisions"}],"predecessor-version":[{"id":1885,"href":"https:\/\/gr\u00fcnling-mainz.de\/seiten\/index.php?rest_route=\/wp\/v2\/pages\/98\/revisions\/1885"}],"wp:attachment":[{"href":"https:\/\/gr\u00fcnling-mainz.de\/seiten\/index.php?rest_route=%2Fwp%2Fv2%2Fmedia&parent=98"}],"curies":[{"name":"wp","href":"https:\/\/api.w.org\/{rel}","templated":true}]}}