{"id":874,"date":"2022-02-14T20:33:40","date_gmt":"2022-02-14T19:33:40","guid":{"rendered":"https:\/\/gr\u00fcnling-mainz.de\/seiten\/?page_id=874"},"modified":"2026-01-08T11:08:11","modified_gmt":"2026-01-08T10:08:11","slug":"ausflugsziele","status":"publish","type":"page","link":"https:\/\/gr\u00fcnling-mainz.de\/seiten\/?page_id=874","title":{"rendered":"Ausflugsziele"},"content":{"rendered":"\n<p style=\"font-size:18px\">Damit man im eigenen Garten besser wahrnimmt, kann es hilfreich sein, sich gute Ausflugsziele zu suchen. Man sieht in ihnen wie unter einem Vergr\u00f6\u00dferungsglas, was sich auch im eigenen Garten erleben l\u00e4\u00dft und abspielt, aber vielleicht nur etwas unauff\u00e4lliger. <\/p>\n\n\n\n<p><\/p>\n\n\n\n<p style=\"font-size:18px\">Daher hier einige Hinweise f\u00fcr Sie (Bitte pr\u00fcfen Sie selbst \u00d6ffnungszeiten und Begehungsm\u00f6glichkeiten; diese sind sehr verschieden): <\/p>\n\n\n\n<p style=\"font-size:18px\"><strong><em>Hunsr\u00fcck (Staudernheim): <\/em><\/strong><\/p>\n\n\n\n<h1 class=\"wp-block-heading\" style=\"font-size:18px\"><mark style=\"background-color:rgba(0, 0, 0, 0);color:#48c71e\" class=\"has-inline-color\"><strong>Nahe der Natur<\/strong>  &#8211;   Mitmach-Museum f\u00fcr Naturschutz<\/mark><\/h1>\n\n\n\n<p style=\"font-size:18px\">Wunderbarer Moosgarten sowie ein beeindruckendes Schmetterlingsparadies &#8211; selbst erlebt!  N\u00e4heres: <a href=\"https:\/\/nahe-natur.com\/\">hier<\/a><\/p>\n\n\n\n<p style=\"font-size:18px\"><strong><em>Frankfurt am Main: <\/em><\/strong><\/p>\n\n\n\n<p style=\"font-size:18px\"><strong><span style=\"color:#03a300\" class=\"has-inline-color\">Botanischer Garten der Stadt Frankfurt<\/span><\/strong><\/p>\n\n\n\n<p style=\"font-size:18px\">Hier finden Sie eingewachsene Fl\u00e4chen mit mitteleurop\u00e4ischen Pflanzengesellschaften. Jeder kann so ein Bild bekommen von der Pracht unserer heimischen Bl\u00fctenpflanzen &#8211; selbst erlebt! N\u00e4heres <a href=\"https:\/\/www.botanischergarten-frankfurt.de\/\">hier<\/a>. <\/p>\n\n\n\n<p style=\"font-size:18px\"><strong>Au\u00dferdem schlie\u00dfe ich mich den Empfehlungen des Vogelkundlers und Natursch\u00fctzers Prof. Berthold an (hierzu N\u00e4heres in seinem Buch: Unsere V\u00f6gel, Ullstein Buchverlage):<\/strong> <\/p>\n\n\n\n<p style=\"font-size:18px\"><strong><em>Bodensee<\/em><\/strong>:<\/p>\n\n\n\n<p style=\"font-size:18px\"><strong><span style=\"color:#00a302\" class=\"has-inline-color\">Sielmanns Biotopverbund Bodensee<\/span><\/strong><\/p>\n\n\n\n<p style=\"font-size:18px\">Durch Prof. Bertholds Einsatz \u00fcber die Heinz-Sielmann-Stiftung wurde ein beispielgebendes Naturschutz-Netzwerk geschaffen. N\u00e4heres zum Heinz-Sielmann-Weiher bei Billafingen: Bitte g\u00fcltige Ausk\u00fcnfte im Netz suchen. <\/p>\n\n\n\n<p style=\"font-size:18px\"><strong><em>Unterfranken (Greu\u00dfenheim\/Hettstadt bei W\u00fcrzburg)<\/em><\/strong>:<\/p>\n\n\n\n<p style=\"font-size:18px\"><strong><span style=\"color:#1da300\" class=\"has-inline-color\">Land des Friedens<\/span><\/strong><\/p>\n\n\n\n<p style=\"font-size:18px\">Hier ist ein Hecken- und Vogelparadies auf einer fr\u00fcheren Agrarw\u00fcste entstanden &#8211; selbst erlebt! Lage: zwischen Greu\u00dfenheim und Hettstadt (Prof. Berthold r\u00fchmt dieses Land wegen der Vogelvielfalt; es wird von der Internationalen Gabriele-Sophia-Stiftung erhalten)<\/p>\n\n\n\n<p style=\"font-size:18px\"><strong><em>Saarland (Saarlouis)<\/em><\/strong>:<\/p>\n\n\n\n<p style=\"font-size:18px\"><strong><span style=\"color:#2aa300\" class=\"has-inline-color\">IKEA-Biotop<\/span><\/strong><\/p>\n\n\n\n<p style=\"font-size:18px\">Beeindruckende Ausgleichsfl\u00e4che mit sehr vielen Pflanzen- und Vogelarten sowie Vogelwarte. N\u00e4heres <a href=\"https:\/\/vogelberingung.blogspot.com\/p\/das-biotop.html\">hier<\/a>. <\/p>\n\n\n\n<p style=\"font-size:18px\">Allgemeine Empfehlungen f\u00fcr Sie <a href=\"https:\/\/gr\u00fcnling-mainz.de\/seiten\/?page_id=139\">hier<\/a>. <\/p>\n\n\n\n<hr class=\"wp-block-separator has-alpha-channel-opacity is-style-wide\"\/>\n\n\n\n<p><a href=\"#\">Nach oben springen<\/a><\/p>\n","protected":false},"excerpt":{"rendered":"<p>Damit man im eigenen Garten besser wahrnimmt, kann es hilfreich sein, sich gute Ausflugsziele zu suchen. Man sieht in ihnen wie unter einem Vergr\u00f6\u00dferungsglas, was sich auch im eigenen Garten erleben l\u00e4\u00dft und abspielt, aber vielleicht nur etwas unauff\u00e4lliger. Daher &hellip; <a href=\"https:\/\/gr\u00fcnling-mainz.de\/seiten\/?page_id=874\">Weiterlesen <span class=\"meta-nav\">&rarr;<\/span><\/a><\/p>\n","protected":false},"author":1,"featured_media":0,"parent":0,"menu_order":0,"comment_status":"closed","ping_status":"closed","template":"","meta":{"ngg_post_thumbnail":0,"footnotes":""},"yoast_head":"<!-- This site is optimized with the Yoast SEO plugin v23.5 - https:\/\/yoast.com\/wordpress\/plugins\/seo\/ -->\n<title>Ausflugsziele - Naturgartenplanung in W\u00fcrzburg, Mainz und Umgebung<\/title>\n<meta name=\"robots\" content=\"index, follow, max-snippet:-1, max-image-preview:large, max-video-preview:-1\" \/>\n<link rel=\"canonical\" href=\"https:\/\/gr\u00fcnling-mainz.de\/seiten\/?page_id=874\" \/>\n<meta property=\"og:locale\" content=\"de_DE\" \/>\n<meta property=\"og:type\" content=\"article\" \/>\n<meta property=\"og:title\" content=\"Ausflugsziele - Naturgartenplanung in W\u00fcrzburg, Mainz und Umgebung\" \/>\n<meta property=\"og:description\" content=\"Damit man im eigenen Garten besser wahrnimmt, kann es hilfreich sein, sich gute Ausflugsziele zu suchen. Man sieht in ihnen wie unter einem Vergr\u00f6\u00dferungsglas, was sich auch im eigenen Garten erleben l\u00e4\u00dft und abspielt, aber vielleicht nur etwas unauff\u00e4lliger. Daher &hellip; Weiterlesen &rarr;\" \/>\n<meta property=\"og:url\" content=\"https:\/\/gr\u00fcnling-mainz.de\/seiten\/?page_id=874\" \/>\n<meta property=\"og:site_name\" content=\"Naturgartenplanung in W\u00fcrzburg, Mainz und Umgebung\" \/>\n<meta property=\"article:modified_time\" content=\"2026-01-08T10:08:11+00:00\" \/>\n<meta name=\"twitter:card\" content=\"summary_large_image\" \/>\n<meta name=\"twitter:label1\" content=\"Gesch\u00e4tzte Lesezeit\" \/>\n\t<meta name=\"twitter:data1\" content=\"2\u00a0Minuten\" \/>\n<script type=\"application\/ld+json\" class=\"yoast-schema-graph\">{\"@context\":\"https:\/\/schema.org\",\"@graph\":[{\"@type\":\"WebPage\",\"@id\":\"https:\/\/gr\u00fcnling-mainz.de\/seiten\/?page_id=874\",\"url\":\"https:\/\/gr\u00fcnling-mainz.de\/seiten\/?page_id=874\",\"name\":\"Ausflugsziele - Naturgartenplanung in W\u00fcrzburg, Mainz und Umgebung\",\"isPartOf\":{\"@id\":\"https:\/\/gr\u00fcnling-mainz.de\/seiten\/#website\"},\"datePublished\":\"2022-02-14T19:33:40+00:00\",\"dateModified\":\"2026-01-08T10:08:11+00:00\",\"breadcrumb\":{\"@id\":\"https:\/\/gr\u00fcnling-mainz.de\/seiten\/?page_id=874#breadcrumb\"},\"inLanguage\":\"de\",\"potentialAction\":[{\"@type\":\"ReadAction\",\"target\":[\"https:\/\/gr\u00fcnling-mainz.de\/seiten\/?page_id=874\"]}]},{\"@type\":\"BreadcrumbList\",\"@id\":\"https:\/\/gr\u00fcnling-mainz.de\/seiten\/?page_id=874#breadcrumb\",\"itemListElement\":[{\"@type\":\"ListItem\",\"position\":1,\"name\":\"Startseite\",\"item\":\"https:\/\/gr\u00fcnling-mainz.de\/seiten\/\"},{\"@type\":\"ListItem\",\"position\":2,\"name\":\"Ausflugsziele\"}]},{\"@type\":\"WebSite\",\"@id\":\"https:\/\/gr\u00fcnling-mainz.de\/seiten\/#website\",\"url\":\"https:\/\/gr\u00fcnling-mainz.de\/seiten\/\",\"name\":\"Naturgartenplanung in W\u00fcrzburg, Mainz und Umgebung\",\"description\":\"Gr\u00fcnling - Neues Leben f\u00fcr Ihren Garten\",\"publisher\":{\"@id\":\"https:\/\/gr\u00fcnling-mainz.de\/seiten\/#organization\"},\"potentialAction\":[{\"@type\":\"SearchAction\",\"target\":{\"@type\":\"EntryPoint\",\"urlTemplate\":\"https:\/\/gr\u00fcnling-mainz.de\/seiten\/?s={search_term_string}\"},\"query-input\":{\"@type\":\"PropertyValueSpecification\",\"valueRequired\":true,\"valueName\":\"search_term_string\"}}],\"inLanguage\":\"de\"},{\"@type\":\"Organization\",\"@id\":\"https:\/\/gr\u00fcnling-mainz.de\/seiten\/#organization\",\"name\":\"Naturnahe Gartengestaltung - Gerold Baring Liegnitz\",\"url\":\"https:\/\/gr\u00fcnling-mainz.de\/seiten\/\",\"logo\":{\"@type\":\"ImageObject\",\"inLanguage\":\"de\",\"@id\":\"https:\/\/gr\u00fcnling-mainz.de\/seiten\/#\/schema\/logo\/image\/\",\"url\":\"https:\/\/gr\u00fcnling-mainz.de\/seiten\/wp-content\/uploads\/2019\/07\/KL-P1070667.jpg\",\"contentUrl\":\"https:\/\/gr\u00fcnling-mainz.de\/seiten\/wp-content\/uploads\/2019\/07\/KL-P1070667.jpg\",\"width\":683,\"height\":1024,\"caption\":\"Naturnahe Gartengestaltung - Gerold Baring Liegnitz\"},\"image\":{\"@id\":\"https:\/\/gr\u00fcnling-mainz.de\/seiten\/#\/schema\/logo\/image\/\"}}]}<\/script>\n<!-- \/ Yoast SEO plugin. -->","yoast_head_json":{"title":"Ausflugsziele - Naturgartenplanung in W\u00fcrzburg, Mainz und Umgebung","robots":{"index":"index","follow":"follow","max-snippet":"max-snippet:-1","max-image-preview":"max-image-preview:large","max-video-preview":"max-video-preview:-1"},"canonical":"https:\/\/gr\u00fcnling-mainz.de\/seiten\/?page_id=874","og_locale":"de_DE","og_type":"article","og_title":"Ausflugsziele - Naturgartenplanung in W\u00fcrzburg, Mainz und Umgebung","og_description":"Damit man im eigenen Garten besser wahrnimmt, kann es hilfreich sein, sich gute Ausflugsziele zu suchen. Man sieht in ihnen wie unter einem Vergr\u00f6\u00dferungsglas, was sich auch im eigenen Garten erleben l\u00e4\u00dft und abspielt, aber vielleicht nur etwas unauff\u00e4lliger. Daher &hellip; Weiterlesen &rarr;","og_url":"https:\/\/gr\u00fcnling-mainz.de\/seiten\/?page_id=874","og_site_name":"Naturgartenplanung in W\u00fcrzburg, Mainz und Umgebung","article_modified_time":"2026-01-08T10:08:11+00:00","twitter_card":"summary_large_image","twitter_misc":{"Gesch\u00e4tzte Lesezeit":"2\u00a0Minuten"},"schema":{"@context":"https:\/\/schema.org","@graph":[{"@type":"WebPage","@id":"https:\/\/gr\u00fcnling-mainz.de\/seiten\/?page_id=874","url":"https:\/\/gr\u00fcnling-mainz.de\/seiten\/?page_id=874","name":"Ausflugsziele - Naturgartenplanung in W\u00fcrzburg, Mainz und Umgebung","isPartOf":{"@id":"https:\/\/gr\u00fcnling-mainz.de\/seiten\/#website"},"datePublished":"2022-02-14T19:33:40+00:00","dateModified":"2026-01-08T10:08:11+00:00","breadcrumb":{"@id":"https:\/\/gr\u00fcnling-mainz.de\/seiten\/?page_id=874#breadcrumb"},"inLanguage":"de","potentialAction":[{"@type":"ReadAction","target":["https:\/\/gr\u00fcnling-mainz.de\/seiten\/?page_id=874"]}]},{"@type":"BreadcrumbList","@id":"https:\/\/gr\u00fcnling-mainz.de\/seiten\/?page_id=874#breadcrumb","itemListElement":[{"@type":"ListItem","position":1,"name":"Startseite","item":"https:\/\/gr\u00fcnling-mainz.de\/seiten\/"},{"@type":"ListItem","position":2,"name":"Ausflugsziele"}]},{"@type":"WebSite","@id":"https:\/\/gr\u00fcnling-mainz.de\/seiten\/#website","url":"https:\/\/gr\u00fcnling-mainz.de\/seiten\/","name":"Naturgartenplanung in W\u00fcrzburg, Mainz und Umgebung","description":"Gr\u00fcnling - Neues Leben f\u00fcr Ihren Garten","publisher":{"@id":"https:\/\/gr\u00fcnling-mainz.de\/seiten\/#organization"},"potentialAction":[{"@type":"SearchAction","target":{"@type":"EntryPoint","urlTemplate":"https:\/\/gr\u00fcnling-mainz.de\/seiten\/?s={search_term_string}"},"query-input":{"@type":"PropertyValueSpecification","valueRequired":true,"valueName":"search_term_string"}}],"inLanguage":"de"},{"@type":"Organization","@id":"https:\/\/gr\u00fcnling-mainz.de\/seiten\/#organization","name":"Naturnahe Gartengestaltung - Gerold Baring Liegnitz","url":"https:\/\/gr\u00fcnling-mainz.de\/seiten\/","logo":{"@type":"ImageObject","inLanguage":"de","@id":"https:\/\/gr\u00fcnling-mainz.de\/seiten\/#\/schema\/logo\/image\/","url":"https:\/\/gr\u00fcnling-mainz.de\/seiten\/wp-content\/uploads\/2019\/07\/KL-P1070667.jpg","contentUrl":"https:\/\/gr\u00fcnling-mainz.de\/seiten\/wp-content\/uploads\/2019\/07\/KL-P1070667.jpg","width":683,"height":1024,"caption":"Naturnahe Gartengestaltung - Gerold Baring Liegnitz"},"image":{"@id":"https:\/\/gr\u00fcnling-mainz.de\/seiten\/#\/schema\/logo\/image\/"}}]}},"_links":{"self":[{"href":"https:\/\/gr\u00fcnling-mainz.de\/seiten\/index.php?rest_route=\/wp\/v2\/pages\/874"}],"collection":[{"href":"https:\/\/gr\u00fcnling-mainz.de\/seiten\/index.php?rest_route=\/wp\/v2\/pages"}],"about":[{"href":"https:\/\/gr\u00fcnling-mainz.de\/seiten\/index.php?rest_route=\/wp\/v2\/types\/page"}],"author":[{"embeddable":true,"href":"https:\/\/gr\u00fcnling-mainz.de\/seiten\/index.php?rest_route=\/wp\/v2\/users\/1"}],"replies":[{"embeddable":true,"href":"https:\/\/gr\u00fcnling-mainz.de\/seiten\/index.php?rest_route=%2Fwp%2Fv2%2Fcomments&post=874"}],"version-history":[{"count":35,"href":"https:\/\/gr\u00fcnling-mainz.de\/seiten\/index.php?rest_route=\/wp\/v2\/pages\/874\/revisions"}],"predecessor-version":[{"id":2334,"href":"https:\/\/gr\u00fcnling-mainz.de\/seiten\/index.php?rest_route=\/wp\/v2\/pages\/874\/revisions\/2334"}],"wp:attachment":[{"href":"https:\/\/gr\u00fcnling-mainz.de\/seiten\/index.php?rest_route=%2Fwp%2Fv2%2Fmedia&parent=874"}],"curies":[{"name":"wp","href":"https:\/\/api.w.org\/{rel}","templated":true}]}}