{"id":7,"date":"2018-01-16T21:19:56","date_gmt":"2018-01-16T20:19:56","guid":{"rendered":"http:\/\/daedalus-online.de\/bali\/seiten\/?page_id=7"},"modified":"2026-01-08T10:44:48","modified_gmt":"2026-01-08T09:44:48","slug":"naturgartenplanung-in-mainz-wuerzburg-und-umgebung","status":"publish","type":"page","link":"https:\/\/gr\u00fcnling-mainz.de\/seiten\/","title":{"rendered":"Willkommen"},"content":{"rendered":"\n<p><\/p>\n\n\n\n<p><\/p>\n\n\n\n<p style=\"font-size:24px\"><strong><a href=\"https:\/\/gr\u00fcnling-mainz.de\/seiten\/?page_id=1354\">UNSERE ANGEBOTE <\/a><\/strong><br><strong><a href=\"https:\/\/gr\u00fcnling-mainz.de\/seiten\/?page_id=1354\">F\u00dcR SIE <\/a><\/strong><\/p>\n\n\n\n<div class=\"wp-block-media-text alignwide is-stacked-on-mobile is-vertically-aligned-top\"><figure class=\"wp-block-media-text__media\"><img loading=\"lazy\" decoding=\"async\" width=\"1000\" height=\"667\" src=\"https:\/\/gr\u00fcnling-mainz.de\/seiten\/wp-content\/uploads\/2020\/06\/MG_0530.jpg\" alt=\"\" class=\"wp-image-443 size-full\" srcset=\"https:\/\/gr\u00fcnling-mainz.de\/seiten\/wp-content\/uploads\/2020\/06\/MG_0530.jpg 1000w, https:\/\/gr\u00fcnling-mainz.de\/seiten\/wp-content\/uploads\/2020\/06\/MG_0530-300x200.jpg 300w, https:\/\/gr\u00fcnling-mainz.de\/seiten\/wp-content\/uploads\/2020\/06\/MG_0530-768x512.jpg 768w, https:\/\/gr\u00fcnling-mainz.de\/seiten\/wp-content\/uploads\/2020\/06\/MG_0530-450x300.jpg 450w\" sizes=\"(max-width: 1000px) 100vw, 1000px\" \/><\/figure><div class=\"wp-block-media-text__content\">\n<p style=\"font-size:18px\">Sie haben Interesse an einem Naturgarten, wissen aber nicht, wo Sie \u00fcberhaupt anfangen sollen? <\/p>\n\n\n\n<p style=\"font-size:18px\"><strong>Wir beraten Sie gerne!<\/strong><br>Werfen Sie einen Blick auf unsere Beratungs- und Planungsangebote. <a href=\"https:\/\/gr\u00fcnling-mainz.de\/seiten\/?page_id=1354\"><strong>(mehr)<\/strong><\/a><\/p>\n<\/div><\/div>\n\n\n\n<p><\/p>\n\n\n\n<hr class=\"wp-block-separator has-alpha-channel-opacity\"\/>\n\n\n\n<p>       <\/p>\n\n\n\n<p style=\"font-size:24px\"><strong><mark style=\"background-color:rgba(0, 0, 0, 0)\" class=\"has-inline-color has-blue-color\">10 GUTE GR\u00dcNDE F\u00dcR EINEN NATURGARTEN<\/mark><\/strong><\/p>\n\n\n\n<iframe loading=\"lazy\" src=\"https:\/\/www.youtube-nocookie.com\/embed\/M4meikzjgwA?rel=0\" allow=\"accelerometer; autoplay; clipboard-write; encrypted-media; gyroscope; picture-in-picture\" allowfullscreen=\"\" width=\"560\" height=\"315\" frameborder=\"0\"><\/iframe><p>\n\n\n\n<hr class=\"wp-block-separator has-alpha-channel-opacity\"\/>\n\n\n\n<p style=\"font-size:24px\"><a href=\"https:\/\/gr\u00fcnling-mainz.de\/seiten\/?page_id=1840\"><strong>G\u00c4RTNERN OHNE GIE\u00dfEN &#8211; SO FUNKTIONIERT ES!<\/strong><\/a><\/p>\n\n\n\n<div class=\"wp-block-media-text alignwide is-stacked-on-mobile is-vertically-aligned-top\" style=\"grid-template-columns:53% auto\"><figure class=\"wp-block-media-text__media\"><img loading=\"lazy\" decoding=\"async\" width=\"1000\" height=\"667\" src=\"https:\/\/gr\u00fcnling-mainz.de\/seiten\/wp-content\/uploads\/2020\/06\/MG_0521.jpg\" alt=\"\" class=\"wp-image-441 size-full\" srcset=\"https:\/\/gr\u00fcnling-mainz.de\/seiten\/wp-content\/uploads\/2020\/06\/MG_0521.jpg 1000w, https:\/\/gr\u00fcnling-mainz.de\/seiten\/wp-content\/uploads\/2020\/06\/MG_0521-300x200.jpg 300w, https:\/\/gr\u00fcnling-mainz.de\/seiten\/wp-content\/uploads\/2020\/06\/MG_0521-768x512.jpg 768w, https:\/\/gr\u00fcnling-mainz.de\/seiten\/wp-content\/uploads\/2020\/06\/MG_0521-450x300.jpg 450w\" sizes=\"(max-width: 1000px) 100vw, 1000px\" \/><\/figure><div class=\"wp-block-media-text__content\">\n<p style=\"font-size:18px\">Immer wieder wird wegen trockener Witterung in einigen der letzten Sommer die Frage gestellt: Wie kann ich nachhaltig mit Wasser umgehen? Wie kann ich den Wasserverbrauch vermindern? <\/p>\n\n\n\n<p style=\"font-size:18px\"><a href=\"https:\/\/gr\u00fcnling-mainz.de\/seiten\/?page_id=1840\">(Dazu hier drei Anregungen)<\/a><\/p>\n<\/div><\/div>\n\n\n\n<hr class=\"wp-block-separator has-alpha-channel-opacity\"\/>\n\n\n\n<p><\/p>\n\n\n\n<p style=\"font-size:24px\"><strong><mark style=\"background-color:rgba(0, 0, 0, 0)\" class=\"has-inline-color has-blue-color\">EMPFEHLUNGEN<\/mark><\/strong><\/p>\n\n\n<style type='text\/css' media='all'>#tss-container-730521968.tss-wrapper .tss-carousel1,\r\n\t\t\t\t\t\t\t#tss-container-730521968.tss-wrapper .tss-isotope1 .profile-img-wrapper:after,\r\n\t\t\t\t\t\t\t#tss-container-730521968.tss-wrapper .tss-layout9 .profile-img-wrapper:after,\r\n\t\t\t\t\t\t\t#tss-container-730521968.tss-wrapper .tss-isotope4 .profile-img-wrapper:after,\r\n\t\t\t\t\t\t\t#tss-container-730521968.tss-wrapper .tss-carousel9 .profile-img-wrapper:after {\r\n\t\t\t\t\t\t\t\tbackground: #c6c6c6 !important;\r\n\t\t\t\t\t\t\t}#tss-container-730521968.tss-wrapper .tss-layout10 .item-content-wrapper,\r\n\t\t\t\t\t#tss-container-730521968.tss-wrapper .tss-isotope3 .item-content-wrapper,\r\n\t\t\t\t\t#tss-container-730521968.tss-wrapper .tss-isotope5 .item-content-wrapper,\r\n\t\t\t\t\t#tss-container-730521968.tss-wrapper .tss-carousel10 .item-content-wrapper{background: transparent;}#tss-container-730521968.tss-wrapper .tss-utility button,\r\n\t\t\t\t\t\t#tss-container-730521968.tss-wrapper .tss-carousel-main .swiper-arrow,\r\n\t\t\t\t\t\t#tss-container-730521968.tss-wrapper .tss-carousel-main .swiper-pagination-bullet,\r\n\t\t\t\t\t\t#tss-container-730521968.tss-wrapper .tss-carousel .swiper-arrow,\r\n\t\t\t\t\t\t#tss-container-730521968.tss-wrapper .tss-carousel .swiper-pagination-bullet,\r\n\t\t\t\t\t\t#tss-container-730521968.tss-wrapper .tss-utility .rt-button,\r\n\t\t\t\t\t\t#tss-container-730521968.tss-wrapper .tss-pagination ul.pagination-list li a,\r\n\t\t\t\t\t\t#tss-container-730521968.tss-wrapper .tss-isotope-button-wrapper .rt-iso-button{background-color: #f9f9f9;}#tss-container-730521968.tss-wrapper .single-item-wrapper .item-content{color:#0a0a0a;}<\/style><div class='rt-container-fluid tss-wrapper ' id='tss-container-730521968'  data-layout='carousel3' data-desktop-col='1'  data-tab-col='2'  data-mobile-col='1'><div data-title='Loading ...' class='rt-row tss-carousel3 tss-even tss-pre-loader'><div class=\"carousel-wrapper\"><div  class='tss-carousel swiper'\r\n\t\t\t\t\t\t\t\t\t\tdata-loop='false'\r\n\t\t\t\t\t\t\t\t\t\tdata-items-desktop='1'\r\n\t\t\t\t\t\t\t\t\t\tdata-items-tab='2'\r\n\t\t\t\t\t\t\t\t\t\tdata-items-mobile='1'\r\n\t\t\t\t\t\t\t\t\t\tdata-autoplay='true'\r\n\t\t\t\t\t\t\t\t\t\tdata-autoplay-timeout='10000'\r\n\t\t\t\t\t\t\t\t\t\tdata-autoplay-hover-pause='false'\r\n\t\t\t\t\t\t\t\t\t\tdata-dots='true'\r\n\t\t\t\t\t\t\t\t\t\tdata-nav='false'\r\n\t\t\t\t\t\t\t\t\t\tdata-lazy-load='false'\r\n\t\t\t\t\t\t\t\t\t\tdata-auto-height='false'\r\n\t\t\t\t\t\t\t\t\t\tdata-smart-speed='3000'\r\n\t\t\t\t\t\t\t\t\t\t><div class=\"swiper-wrapper\"><div class='rt-col-md-12 rt-col-sm-12 rt-col-xs-12 even-grid-item tss-grid-item slide-item swiper-slide even-grid-item default-margin'><div class=\"single-item-wrapper\"><div class=\"tss-meta-info\"><\/div><h3 class='author-name'>Kristina H., Mainz<\/h3><div class=\"item-content-wrapper\"><div class='item-content'>Herr Baring Liegnitz hat es geschafft, unseren Schottervorgarten mit Pflanzk\u00fcbeln wiederzubeleben. Statt einer Steinw\u00fcste haben wir jetzt ein summendes, brummendes Insektenparadies. Wir Menschen k\u00f6nnen uns von Fr\u00fchjahr bis Herbst an den nacheinander bl\u00fchenden Pflanzen erfreuen. Das hat uns so gut gefallen, dass wir auch den gro\u00dfen Garten hinter dem Haus mit ihm naturnah umgestaltet haben und gemeinsam mit ihm pflegen.&nbsp;\r\n\r\n<strong>&nbsp;<\/strong>\r\n\r\n&nbsp;<\/div><\/div><\/div><\/div><div class='rt-col-md-12 rt-col-sm-12 rt-col-xs-12 even-grid-item tss-grid-item slide-item swiper-slide even-grid-item default-margin'><div class=\"single-item-wrapper\"><div class=\"tss-meta-info\"><\/div><h3 class='author-name'>Sabine Z., Mainz<\/h3><div class=\"item-content-wrapper\"><div class='item-content'>Durch die Kompetenz und das Einf\u00fchlungsverm\u00f6gen von Herrn Baring Liegnitz habe ich als absoluter Laie einen viel besseren Zugang zum Gr\u00fcn dieser Erde bekommen.\r\n\r\nIch genie\u00dfe es sehr, dass es auf meinem vorher ganz grauen Balkon nun beim Insekten-Bahnhof \"Blumenwiese\" nicht nur im Fr\u00fchjahr ein Landen und Summen und Brummen und Kommen und Gehen gibt.<\/div><\/div><\/div><\/div><div class='rt-col-md-12 rt-col-sm-12 rt-col-xs-12 even-grid-item tss-grid-item slide-item swiper-slide even-grid-item default-margin'><div class=\"single-item-wrapper\"><div class=\"tss-meta-info\"><\/div><h3 class='author-name'>Birgit S., Klein-Winternheim<\/h3><div class=\"item-content-wrapper\"><div class='item-content'>Pflegeleicht, dem Naturschutz verpflichtet - und, vor allem: wundersch\u00f6n sollte unser Vorgarten werden. Das ist aufs Beste gelungen - dank einer ebenso aufmerksamen wie umfassenden Beratung, die sich ausschlie\u00dflich an den jeweiligen Anforderungen des Kunden\/Standorts orientiert. Herrn Baring Liegnitz ist \u00fcbrigens alles andere als ein \"Verk\u00e4ufer\" - sondern vielmehr ein echter \"K\u00fcmmerer\", dem die Entwicklung \"seiner\" G\u00e4rten am Herzen liegt und diese ggf. auch langfristig beobachtet bzw. betreut.<\/div><\/div><\/div><\/div><\/div><div class=\"swiper-pagination\"><\/div><\/div><\/div><div class=\"rt-loading-overlay\"><\/div><div class=\"rt-loading rt-ball-clip-rotate\"><div><\/div><\/div><\/div><\/div>\n\n\n\n<hr class=\"wp-block-separator has-alpha-channel-opacity\"\/>\n\n\n\n<p style=\"font-size:24px\"><strong><mark style=\"background-color:rgba(0, 0, 0, 0)\" class=\"has-inline-color has-blue-color\">HEIMISCHE PFLANZEN, DIE BESSERE ALTERNATIVE F\u00dcR IHREN GARTEN<\/mark><\/strong><\/p>\n\n\n\n<iframe loading=\"lazy\" src=\"https:\/\/www.youtube-nocookie.com\/embed\/efj4HOip5VI?rel=0\" allow=\"accelerometer; autoplay; clipboard-write; encrypted-media; gyroscope; picture-in-picture\" allowfullscreen=\"\" width=\"560\" height=\"300\" frameborder=\"0\"><\/iframe>\n\n\n\n<hr class=\"wp-block-separator has-alpha-channel-opacity\"\/>\n\n\n\n<p style=\"font-size:24px\"><a href=\"https:\/\/gr\u00fcnling-mainz.de\/seiten\/?page_id=372\"><strong>H\u00c4UFIGE FRAGEN<\/strong><\/a><\/p>\n\n\n\n<div class=\"wp-block-media-text alignwide is-stacked-on-mobile is-vertically-aligned-top\"><figure class=\"wp-block-media-text__media\"><img loading=\"lazy\" decoding=\"async\" width=\"1007\" height=\"626\" src=\"https:\/\/gr\u00fcnling-mainz.de\/seiten\/wp-content\/uploads\/2019\/07\/Ke.-IMG_1399.jpg\" alt=\"\" class=\"wp-image-189 size-full\" srcset=\"https:\/\/gr\u00fcnling-mainz.de\/seiten\/wp-content\/uploads\/2019\/07\/Ke.-IMG_1399.jpg 1007w, https:\/\/gr\u00fcnling-mainz.de\/seiten\/wp-content\/uploads\/2019\/07\/Ke.-IMG_1399-300x186.jpg 300w, https:\/\/gr\u00fcnling-mainz.de\/seiten\/wp-content\/uploads\/2019\/07\/Ke.-IMG_1399-768x477.jpg 768w, https:\/\/gr\u00fcnling-mainz.de\/seiten\/wp-content\/uploads\/2019\/07\/Ke.-IMG_1399-483x300.jpg 483w\" sizes=\"(max-width: 1007px) 100vw, 1007px\" \/><\/figure><div class=\"wp-block-media-text__content\">\n<p style=\"font-size:18px\"><meta charset=\"utf-8\">Was kostet ein naturnaher Garten?<br>Wie aufwendig ist die Pflege? <br>Welche Pflanzen brauche ich, und wie oft mu\u00df ich gie\u00dfen? <\/p>\n\n\n\n<p style=\"font-size:18px\">Antworten auf diese und viele weitere Fragen haben wir f\u00fcr Sie zusammengestellt. <a href=\"https:\/\/gr\u00fcnling-mainz.de\/seiten\/?page_id=372\"><strong>(mehr)<\/strong><\/a><\/p>\n<\/div><\/div>\n\n\n\n<hr class=\"wp-block-separator has-alpha-channel-opacity\"\/>\n\n\n\n<p style=\"font-size:24px\"><strong><a href=\"https:\/\/gr\u00fcnling-mainz.de\/seiten\/?page_id=141\">AKTUELLE VERANSTALTUNGEN<\/a><\/strong><\/p>\n\n\n\n<div class=\"wp-block-media-text alignwide is-stacked-on-mobile\"><figure class=\"wp-block-media-text__media\"><img loading=\"lazy\" decoding=\"async\" width=\"800\" height=\"600\" src=\"https:\/\/gr\u00fcnling-mainz.de\/seiten\/wp-content\/uploads\/2023\/02\/Vortrag-2020-IMG_20200219_180635.jpg\" alt=\"\" class=\"wp-image-1510 size-full\" srcset=\"https:\/\/gr\u00fcnling-mainz.de\/seiten\/wp-content\/uploads\/2023\/02\/Vortrag-2020-IMG_20200219_180635.jpg 800w, https:\/\/gr\u00fcnling-mainz.de\/seiten\/wp-content\/uploads\/2023\/02\/Vortrag-2020-IMG_20200219_180635-300x225.jpg 300w, https:\/\/gr\u00fcnling-mainz.de\/seiten\/wp-content\/uploads\/2023\/02\/Vortrag-2020-IMG_20200219_180635-768x576.jpg 768w, https:\/\/gr\u00fcnling-mainz.de\/seiten\/wp-content\/uploads\/2023\/02\/Vortrag-2020-IMG_20200219_180635-400x300.jpg 400w\" sizes=\"(max-width: 800px) 100vw, 800px\" \/><\/figure><div class=\"wp-block-media-text__content\">\n<p style=\"font-size:18px\">Wir freuen uns 2026 auf Ihren Besuch bei einem unserer Vortr\u00e4ge oder Veranstaltungen in W\u00fcrzburg, <br>Mainz und Umgebung<strong>. <a href=\"https:\/\/gr\u00fcnling-mainz.de\/seiten\/?page_id=1001\">(<\/a><a href=\"https:\/\/xn--grnling-mainz-xob.de\/seiten\/?page_id=141\">mehr<\/a><a href=\"https:\/\/gr\u00fcnling-mainz.de\/seiten\/?page_id=1001\">)<\/a> <\/strong><\/p>\n<\/div><\/div>\n\n\n\n<hr class=\"wp-block-separator has-alpha-channel-opacity\"\/>\n\n\n\n<p><\/p>\n\n\n\n<p style=\"font-size:24px\"><strong><a href=\"https:\/\/gr\u00fcnling-mainz.de\/seiten\/?page_id=1135\">GELD SPAREN MIT EINEM NATURGARTEN<\/a><\/strong><\/p>\n\n\n\n<div class=\"wp-block-media-text alignwide is-stacked-on-mobile is-vertically-aligned-top\" style=\"grid-template-columns:36% auto\"><figure class=\"wp-block-media-text__media\"><img loading=\"lazy\" decoding=\"async\" width=\"103\" height=\"105\" src=\"https:\/\/gr\u00fcnling-mainz.de\/seiten\/wp-content\/uploads\/2022\/09\/Sparschwein.png\" alt=\"\" class=\"wp-image-1136 size-full\"\/><\/figure><div class=\"wp-block-media-text__content\">\n<p style=\"font-size:18px\">In vielen G\u00e4rten mu\u00df laufend gegossen werden: Das ist aufwendig. Und das kostet Geld. <\/p>\n\n\n\n<p style=\"font-size:18px\"><strong>Doch das mu\u00df nicht sein! <\/strong><br>Erfahren Sie mehr \u00fcber eine wassersparende L\u00f6sung. <a href=\"https:\/\/gr\u00fcnling-mainz.de\/seiten\/?page_id=1135\"><strong>(mehr)<\/strong><\/a><\/p>\n<\/div><\/div>\n\n\n\n<hr class=\"wp-block-separator has-alpha-channel-opacity\"\/>\n\n\n\n<p style=\"font-size:24px\"><strong><a href=\"https:\/\/gr\u00fcnling-mainz.de\/seiten\/?page_id=82\">\u00dcBER UNS<\/a><\/strong><\/p>\n\n\n\n<div class=\"wp-block-media-text alignwide is-stacked-on-mobile is-vertically-aligned-top\"><figure class=\"wp-block-media-text__media\"><img loading=\"lazy\" decoding=\"async\" width=\"200\" height=\"300\" src=\"https:\/\/gr\u00fcnling-mainz.de\/seiten\/wp-content\/uploads\/2019\/07\/KL-P1070667-200x300.jpg\" alt=\"\" class=\"wp-image-165 size-medium\" srcset=\"https:\/\/gr\u00fcnling-mainz.de\/seiten\/wp-content\/uploads\/2019\/07\/KL-P1070667-200x300.jpg 200w, https:\/\/gr\u00fcnling-mainz.de\/seiten\/wp-content\/uploads\/2019\/07\/KL-P1070667.jpg 683w\" sizes=\"(max-width: 200px) 100vw, 200px\" \/><\/figure><div class=\"wp-block-media-text__content\">\n<p style=\"font-size:18px\">Wir legen seit vielen Jahren naturnahe G\u00e4rten an und pflegen sie.<\/p>\n\n\n\n<p style=\"font-size:18px\">Dabei steht nicht der G\u00e4rtner als Gestalter im Mittelpunkt, sondern Sie mit Ihren Gestaltungsw\u00fcnschen und Nutzungsbed\u00fcrfnissen \u2013 und nat\u00fcrlich die Pflanzensch\u00f6nheiten selbst. Gern besuchen wir Sie, um Ihnen dieses Naturgarten-Konzept vorzustellen.<\/p>\n\n\n\n<p style=\"font-size:18px\"><strong>Wir arbeiten in<\/strong><br><br>W\u00fcrzburg &#8211; Stadt und Landkreis, sowie angrenzende Landkreise. <br><br>Rhein-Main-Gebiet, Rheinhessen, vorderer Hunsr\u00fcck, Rheingau und vorderer Taunus. <\/p>\n\n\n\n<p style=\"font-size:18px\">Und bundesweit &#8211; nach Absprache. <a href=\"https:\/\/gr\u00fcnling-mainz.de\/seiten\/?page_id=82\"><strong>(mehr)<\/strong><\/a><\/p>\n\n\n\n<p><\/p>\n<\/div><\/div>\n\n\n\n<p> <\/p>\n\n\n\n<hr class=\"wp-block-separator has-css-opacity\"\/>\n\n\n\n<blockquote class=\"wp-block-quote is-style-default\">\n<p><a href=\"#\">Nach oben springen<\/a><\/p>\n<\/blockquote>\n","protected":false},"excerpt":{"rendered":"<p>UNSERE ANGEBOTE F\u00dcR SIE Sie haben Interesse an einem Naturgarten, wissen aber nicht, wo Sie \u00fcberhaupt anfangen sollen? Wir beraten Sie gerne!Werfen Sie einen Blick auf unsere Beratungs- und Planungsangebote. (mehr) 10 GUTE GR\u00dcNDE F\u00dcR EINEN NATURGARTEN G\u00c4RTNERN OHNE GIE\u00dfEN &hellip; <a href=\"https:\/\/gr\u00fcnling-mainz.de\/seiten\/?testimonial=birgit-s-klein-winternheim\">Weiterlesen <span class=\"meta-nav\">&rarr;<\/span><\/a><\/p>\n","protected":false},"author":1,"featured_media":0,"parent":0,"menu_order":0,"comment_status":"closed","ping_status":"closed","template":"showcase.php","meta":{"ngg_post_thumbnail":0,"footnotes":""},"yoast_head":"<!-- This site is optimized with the Yoast SEO plugin v23.5 - https:\/\/yoast.com\/wordpress\/plugins\/seo\/ -->\n<title>Willkommen - Naturgartenplanung in W\u00fcrzburg, Mainz und Umgebung<\/title>\n<meta name=\"description\" content=\"Sie haben Interesse an einem Naturgarten, wissen aber nicht, wo Sie \u00fcberhaupt anfangen sollen? Wir beraten Sie gerne!\" \/>\n<meta name=\"robots\" content=\"index, follow, max-snippet:-1, max-image-preview:large, max-video-preview:-1\" \/>\n<link rel=\"canonical\" href=\"https:\/\/gr\u00fcnling-mainz.de\/seiten\/\" \/>\n<meta property=\"og:locale\" content=\"de_DE\" \/>\n<meta property=\"og:type\" content=\"article\" \/>\n<meta property=\"og:title\" content=\"Willkommen - Naturgartenplanung in W\u00fcrzburg, Mainz und Umgebung\" \/>\n<meta property=\"og:description\" content=\"Sie haben Interesse an einem Naturgarten, wissen aber nicht, wo Sie \u00fcberhaupt anfangen sollen? Wir beraten Sie gerne!\" \/>\n<meta property=\"og:url\" content=\"https:\/\/gr\u00fcnling-mainz.de\/seiten\/\" \/>\n<meta property=\"og:site_name\" content=\"Naturgartenplanung in W\u00fcrzburg, Mainz und Umgebung\" \/>\n<meta property=\"article:modified_time\" content=\"2026-01-08T09:44:48+00:00\" \/>\n<meta name=\"twitter:card\" content=\"summary_large_image\" \/>\n<meta name=\"twitter:label1\" content=\"Gesch\u00e4tzte Lesezeit\" \/>\n\t<meta name=\"twitter:data1\" content=\"3\u00a0Minuten\" \/>\n<script type=\"application\/ld+json\" class=\"yoast-schema-graph\">{\"@context\":\"https:\/\/schema.org\",\"@graph\":[{\"@type\":\"WebPage\",\"@id\":\"https:\/\/gr\u00fcnling-mainz.de\/seiten\/\",\"url\":\"https:\/\/gr\u00fcnling-mainz.de\/seiten\/\",\"name\":\"Willkommen - Naturgartenplanung in W\u00fcrzburg, Mainz und Umgebung\",\"isPartOf\":{\"@id\":\"https:\/\/gr\u00fcnling-mainz.de\/seiten\/#website\"},\"datePublished\":\"2018-01-16T20:19:56+00:00\",\"dateModified\":\"2026-01-08T09:44:48+00:00\",\"description\":\"Sie haben Interesse an einem Naturgarten, wissen aber nicht, wo Sie \u00fcberhaupt anfangen sollen? Wir beraten Sie gerne!\",\"breadcrumb\":{\"@id\":\"https:\/\/gr\u00fcnling-mainz.de\/seiten\/#breadcrumb\"},\"inLanguage\":\"de\",\"potentialAction\":[{\"@type\":\"ReadAction\",\"target\":[\"https:\/\/gr\u00fcnling-mainz.de\/seiten\/\"]}]},{\"@type\":\"BreadcrumbList\",\"@id\":\"https:\/\/gr\u00fcnling-mainz.de\/seiten\/#breadcrumb\",\"itemListElement\":[{\"@type\":\"ListItem\",\"position\":1,\"name\":\"Startseite\",\"item\":\"https:\/\/gr\u00fcnling-mainz.de\/seiten\/\"},{\"@type\":\"ListItem\",\"position\":2,\"name\":\"Willkommen\"}]},{\"@type\":\"WebSite\",\"@id\":\"https:\/\/gr\u00fcnling-mainz.de\/seiten\/#website\",\"url\":\"https:\/\/gr\u00fcnling-mainz.de\/seiten\/\",\"name\":\"Naturgartenplanung in W\u00fcrzburg, Mainz und Umgebung\",\"description\":\"Gr\u00fcnling - Neues Leben f\u00fcr Ihren Garten\",\"publisher\":{\"@id\":\"https:\/\/gr\u00fcnling-mainz.de\/seiten\/#organization\"},\"potentialAction\":[{\"@type\":\"SearchAction\",\"target\":{\"@type\":\"EntryPoint\",\"urlTemplate\":\"https:\/\/gr\u00fcnling-mainz.de\/seiten\/?s={search_term_string}\"},\"query-input\":{\"@type\":\"PropertyValueSpecification\",\"valueRequired\":true,\"valueName\":\"search_term_string\"}}],\"inLanguage\":\"de\"},{\"@type\":\"Organization\",\"@id\":\"https:\/\/gr\u00fcnling-mainz.de\/seiten\/#organization\",\"name\":\"Naturnahe Gartengestaltung - Gerold Baring Liegnitz\",\"url\":\"https:\/\/gr\u00fcnling-mainz.de\/seiten\/\",\"logo\":{\"@type\":\"ImageObject\",\"inLanguage\":\"de\",\"@id\":\"https:\/\/gr\u00fcnling-mainz.de\/seiten\/#\/schema\/logo\/image\/\",\"url\":\"https:\/\/gr\u00fcnling-mainz.de\/seiten\/wp-content\/uploads\/2019\/07\/KL-P1070667.jpg\",\"contentUrl\":\"https:\/\/gr\u00fcnling-mainz.de\/seiten\/wp-content\/uploads\/2019\/07\/KL-P1070667.jpg\",\"width\":683,\"height\":1024,\"caption\":\"Naturnahe Gartengestaltung - Gerold Baring Liegnitz\"},\"image\":{\"@id\":\"https:\/\/gr\u00fcnling-mainz.de\/seiten\/#\/schema\/logo\/image\/\"}}]}<\/script>\n<!-- \/ Yoast SEO plugin. -->","yoast_head_json":{"title":"Willkommen - Naturgartenplanung in W\u00fcrzburg, Mainz und Umgebung","description":"Sie haben Interesse an einem Naturgarten, wissen aber nicht, wo Sie \u00fcberhaupt anfangen sollen? Wir beraten Sie gerne!","robots":{"index":"index","follow":"follow","max-snippet":"max-snippet:-1","max-image-preview":"max-image-preview:large","max-video-preview":"max-video-preview:-1"},"canonical":"https:\/\/gr\u00fcnling-mainz.de\/seiten\/","og_locale":"de_DE","og_type":"article","og_title":"Willkommen - Naturgartenplanung in W\u00fcrzburg, Mainz und Umgebung","og_description":"Sie haben Interesse an einem Naturgarten, wissen aber nicht, wo Sie \u00fcberhaupt anfangen sollen? Wir beraten Sie gerne!","og_url":"https:\/\/gr\u00fcnling-mainz.de\/seiten\/","og_site_name":"Naturgartenplanung in W\u00fcrzburg, Mainz und Umgebung","article_modified_time":"2026-01-08T09:44:48+00:00","twitter_card":"summary_large_image","twitter_misc":{"Gesch\u00e4tzte Lesezeit":"3\u00a0Minuten"},"schema":{"@context":"https:\/\/schema.org","@graph":[{"@type":"WebPage","@id":"https:\/\/gr\u00fcnling-mainz.de\/seiten\/","url":"https:\/\/gr\u00fcnling-mainz.de\/seiten\/","name":"Willkommen - Naturgartenplanung in W\u00fcrzburg, Mainz und Umgebung","isPartOf":{"@id":"https:\/\/gr\u00fcnling-mainz.de\/seiten\/#website"},"datePublished":"2018-01-16T20:19:56+00:00","dateModified":"2026-01-08T09:44:48+00:00","description":"Sie haben Interesse an einem Naturgarten, wissen aber nicht, wo Sie \u00fcberhaupt anfangen sollen? Wir beraten Sie gerne!","breadcrumb":{"@id":"https:\/\/gr\u00fcnling-mainz.de\/seiten\/#breadcrumb"},"inLanguage":"de","potentialAction":[{"@type":"ReadAction","target":["https:\/\/gr\u00fcnling-mainz.de\/seiten\/"]}]},{"@type":"BreadcrumbList","@id":"https:\/\/gr\u00fcnling-mainz.de\/seiten\/#breadcrumb","itemListElement":[{"@type":"ListItem","position":1,"name":"Startseite","item":"https:\/\/gr\u00fcnling-mainz.de\/seiten\/"},{"@type":"ListItem","position":2,"name":"Willkommen"}]},{"@type":"WebSite","@id":"https:\/\/gr\u00fcnling-mainz.de\/seiten\/#website","url":"https:\/\/gr\u00fcnling-mainz.de\/seiten\/","name":"Naturgartenplanung in W\u00fcrzburg, Mainz und Umgebung","description":"Gr\u00fcnling - Neues Leben f\u00fcr Ihren Garten","publisher":{"@id":"https:\/\/gr\u00fcnling-mainz.de\/seiten\/#organization"},"potentialAction":[{"@type":"SearchAction","target":{"@type":"EntryPoint","urlTemplate":"https:\/\/gr\u00fcnling-mainz.de\/seiten\/?s={search_term_string}"},"query-input":{"@type":"PropertyValueSpecification","valueRequired":true,"valueName":"search_term_string"}}],"inLanguage":"de"},{"@type":"Organization","@id":"https:\/\/gr\u00fcnling-mainz.de\/seiten\/#organization","name":"Naturnahe Gartengestaltung - Gerold Baring Liegnitz","url":"https:\/\/gr\u00fcnling-mainz.de\/seiten\/","logo":{"@type":"ImageObject","inLanguage":"de","@id":"https:\/\/gr\u00fcnling-mainz.de\/seiten\/#\/schema\/logo\/image\/","url":"https:\/\/gr\u00fcnling-mainz.de\/seiten\/wp-content\/uploads\/2019\/07\/KL-P1070667.jpg","contentUrl":"https:\/\/gr\u00fcnling-mainz.de\/seiten\/wp-content\/uploads\/2019\/07\/KL-P1070667.jpg","width":683,"height":1024,"caption":"Naturnahe Gartengestaltung - Gerold Baring Liegnitz"},"image":{"@id":"https:\/\/gr\u00fcnling-mainz.de\/seiten\/#\/schema\/logo\/image\/"}}]}},"_links":{"self":[{"href":"https:\/\/gr\u00fcnling-mainz.de\/seiten\/index.php?rest_route=\/wp\/v2\/pages\/7"}],"collection":[{"href":"https:\/\/gr\u00fcnling-mainz.de\/seiten\/index.php?rest_route=\/wp\/v2\/pages"}],"about":[{"href":"https:\/\/gr\u00fcnling-mainz.de\/seiten\/index.php?rest_route=\/wp\/v2\/types\/page"}],"author":[{"embeddable":true,"href":"https:\/\/gr\u00fcnling-mainz.de\/seiten\/index.php?rest_route=\/wp\/v2\/users\/1"}],"replies":[{"embeddable":true,"href":"https:\/\/gr\u00fcnling-mainz.de\/seiten\/index.php?rest_route=%2Fwp%2Fv2%2Fcomments&post=7"}],"version-history":[{"count":258,"href":"https:\/\/gr\u00fcnling-mainz.de\/seiten\/index.php?rest_route=\/wp\/v2\/pages\/7\/revisions"}],"predecessor-version":[{"id":2323,"href":"https:\/\/gr\u00fcnling-mainz.de\/seiten\/index.php?rest_route=\/wp\/v2\/pages\/7\/revisions\/2323"}],"wp:attachment":[{"href":"https:\/\/gr\u00fcnling-mainz.de\/seiten\/index.php?rest_route=%2Fwp%2Fv2%2Fmedia&parent=7"}],"curies":[{"name":"wp","href":"https:\/\/api.w.org\/{rel}","templated":true}]}}