{"id":1840,"date":"2024-01-28T11:44:13","date_gmt":"2024-01-28T10:44:13","guid":{"rendered":"https:\/\/gr\u00fcnling-mainz.de\/seiten\/?page_id=1840"},"modified":"2025-04-10T10:58:00","modified_gmt":"2025-04-10T08:58:00","slug":"gaertnern-ohne-giessen-so-geht-es","status":"publish","type":"page","link":"https:\/\/gr\u00fcnling-mainz.de\/seiten\/?page_id=1840","title":{"rendered":"G\u00c4RTNERN OHNE GIESSEN &#8211; SO FUNKTIONIERT ES!"},"content":{"rendered":"\n<p style=\"font-size:18px\">Immer wieder wird wegen trockener Witterung in einigen der letzten Sommer die Frage gestellt: Wie kann ich nachhaltig mit Wasser umgehen? Wie kann ich den Wasserverbrauch vermindern? <\/p>\n\n\n\n<h2 class=\"wp-block-heading has-text-align-left\" style=\"font-size:24px\">Dazu hier drei Anregungen<\/h2>\n\n\n\n<h2 class=\"wp-block-heading\" style=\"font-size:18px\"><strong>RICHTIGEN STANDORT AUSW\u00c4HLEN<\/strong><\/h2>\n\n\n<div class=\"wp-block-image\">\n<figure class=\"aligncenter size-large is-resized\"><a href=\"https:\/\/gr\u00fcnling-mainz.de\/seiten\/wp-content\/uploads\/2024\/02\/Bild2.jpg\"><img loading=\"lazy\" decoding=\"async\" width=\"684\" height=\"1024\" src=\"https:\/\/gr\u00fcnling-mainz.de\/seiten\/wp-content\/uploads\/2024\/02\/Bild2-684x1024.jpg\" alt=\"Der richtige Standort hat einen Einflu\u00df auf den Wasserbedarf\" class=\"wp-image-1906\" style=\"aspect-ratio:1;object-fit:cover;width:300px\" srcset=\"https:\/\/gr\u00fcnling-mainz.de\/seiten\/wp-content\/uploads\/2024\/02\/Bild2-684x1024.jpg 684w, https:\/\/gr\u00fcnling-mainz.de\/seiten\/wp-content\/uploads\/2024\/02\/Bild2-200x300.jpg 200w, https:\/\/gr\u00fcnling-mainz.de\/seiten\/wp-content\/uploads\/2024\/02\/Bild2-768x1150.jpg 768w, https:\/\/gr\u00fcnling-mainz.de\/seiten\/wp-content\/uploads\/2024\/02\/Bild2.jpg 926w\" sizes=\"(max-width: 684px) 100vw, 684px\" \/><\/a><\/figure><\/div>\n\n\n<p class=\"has-text-align-left\" style=\"font-size:18px\">Pflanzen ben\u00f6tigen (von Ausnahmelagen abgesehen) nur unser Gie\u00dfen, wenn sie am falschen Ort sitzen. <br>Daher: Pr\u00fcfen Sie zuerst: Wie ist Ihr Pflanz-Standort? <br>Also: Wie sind die Licht-, Feuchtigkeits- und Bodenverh\u00e4ltnisse? <br>Wenn das gekl\u00e4rt ist, k\u00f6nnen Sie die passende Pflanze setzen und m\u00fcssen nach der Anwachszeit nicht mehr gie\u00dfen.<\/p>\n\n\n\n<h2 class=\"wp-block-heading\" style=\"font-size:24px\"><strong>RUHE BEWAHREN<\/strong><\/h2>\n\n\n\n<p style=\"font-size:18px\">Unsere Pflanzen, wenn sie denn am richtigen Standort sitzen, wissen sich meist selbst zu helfen. Sie k\u00f6nnen regelm\u00e4\u00dfig mit l\u00e4ngeren Trockenzeiten umgehen. Dazu geh\u00f6ren auch manche Schutzmechanismen, wie zum Beispiel die Bl\u00e4tter h\u00e4ngen zu lassen. Das sieht f\u00fcr uns nach Bed\u00fcrftigkeit aus, es kann aber tats\u00e4chlich nur eine sinnvolle Einstellung auf die Witterung sein. Wenn wir das wissen, dann brauchen wir die Pflanzen nicht zu \u00fcberbeh\u00fcten. Wir vertrauen auf ihre eigenen Mechanismen.<\/p>\n\n\n\n<h2 class=\"wp-block-heading\" style=\"font-size:24px\"><strong>BODEN BEDECKEN<\/strong><\/h2>\n\n\n<div class=\"wp-block-image\">\n<figure class=\"aligncenter size-large is-resized\"><a href=\"https:\/\/gr\u00fcnling-mainz.de\/seiten\/wp-content\/uploads\/2024\/02\/Bild1.jpg\"><img loading=\"lazy\" decoding=\"async\" width=\"1024\" height=\"683\" src=\"https:\/\/gr\u00fcnling-mainz.de\/seiten\/wp-content\/uploads\/2024\/02\/Bild1-1024x683.jpg\" alt=\"\" class=\"wp-image-1912\" style=\"width:369px;height:auto\" srcset=\"https:\/\/gr\u00fcnling-mainz.de\/seiten\/wp-content\/uploads\/2024\/02\/Bild1-1024x683.jpg 1024w, https:\/\/gr\u00fcnling-mainz.de\/seiten\/wp-content\/uploads\/2024\/02\/Bild1-300x200.jpg 300w, https:\/\/gr\u00fcnling-mainz.de\/seiten\/wp-content\/uploads\/2024\/02\/Bild1-768x512.jpg 768w, https:\/\/gr\u00fcnling-mainz.de\/seiten\/wp-content\/uploads\/2024\/02\/Bild1-450x300.jpg 450w, https:\/\/gr\u00fcnling-mainz.de\/seiten\/wp-content\/uploads\/2024\/02\/Bild1.jpg 1386w\" sizes=\"(max-width: 1024px) 100vw, 1024px\" \/><\/a><\/figure><\/div>\n\n\n<p style=\"font-size:18px\">Konventionell wird beim G\u00e4rtnern viel Zeit genutzt, um den Boden um gesetzte Pflanzen herum freizuhalten. Anders macht es die Natur: Sie sorgt daf\u00fcr, da\u00df offener Boden bewachsen ist und m\u00f6glichst bewachsen bleibt. Das k\u00f6nnen wir zum Beispiel sogar an Fugen zwischen Pflastersteinen sehen, die auch immer wieder zuwachsen. Wenn wir so wie die Natur g\u00e4rtnern, dann sorgen wir f\u00fcr einen vollst\u00e4ndigen Bodenbewuchs. Wir erreichen damit dann auch, da\u00df der Boden nicht schnell austrocknet und damit die Pflanzen ohne Gie\u00dfen gedeihen k\u00f6nnen.<\/p>\n\n\n\n<hr class=\"wp-block-separator has-alpha-channel-opacity\"\/>\n\n\n\n<p><\/p>\n\n\n\n<p style=\"font-size:18px\">Sie haben Interesse an einem Naturgarten, wissen aber nicht, wo Sie \u00fcberhaupt anfangen sollen?<\/p>\n\n\n\n<p style=\"font-size:24px\"><strong>Wir beraten Sie gerne!<\/strong><\/p>\n\n\n\n<p style=\"font-size:18px\">Werfen Sie einen Blick auf unsere Beratungs- und Planungsangebote.&nbsp;<a href=\"https:\/\/xn--grnling-mainz-xob.de\/seiten\/?page_id=1354\"><strong>(mehr)<\/strong><\/a><\/p>\n\n\n\n<p><a href=\"#\">Nach oben springen<\/a> <\/p>\n","protected":false},"excerpt":{"rendered":"<p>Immer wieder wird wegen trockener Witterung in einigen der letzten Sommer die Frage gestellt: Wie kann ich nachhaltig mit Wasser umgehen? Wie kann ich den Wasserverbrauch vermindern? Dazu hier drei Anregungen RICHTIGEN STANDORT AUSW\u00c4HLEN Pflanzen ben\u00f6tigen (von Ausnahmelagen abgesehen) nur &hellip; <a href=\"https:\/\/gr\u00fcnling-mainz.de\/seiten\/?page_id=1840\">Weiterlesen <span class=\"meta-nav\">&rarr;<\/span><\/a><\/p>\n","protected":false},"author":1,"featured_media":441,"parent":0,"menu_order":0,"comment_status":"closed","ping_status":"closed","template":"","meta":{"ngg_post_thumbnail":0,"footnotes":""},"yoast_head":"<!-- This site is optimized with the Yoast SEO plugin v23.5 - https:\/\/yoast.com\/wordpress\/plugins\/seo\/ -->\n<title>G\u00c4RTNERN OHNE GIESSEN - SO FUNKTIONIERT ES! - Naturgartenplanung in W\u00fcrzburg, Mainz und Umgebung<\/title>\n<meta name=\"description\" content=\"Immer wieder wird wegen trockener Witterung in einigen der letzten Sommer die Frage gestellt: Wie kann ich nachhaltig mit Wasser umgehen? Wie kann ich den Wasserverbrauch vermindern? Dazu hier drei Anregungen.\" \/>\n<meta name=\"robots\" content=\"index, follow, max-snippet:-1, max-image-preview:large, max-video-preview:-1\" \/>\n<link rel=\"canonical\" href=\"https:\/\/gr\u00fcnling-mainz.de\/seiten\/?page_id=1840\" \/>\n<meta property=\"og:locale\" content=\"de_DE\" \/>\n<meta property=\"og:type\" content=\"article\" \/>\n<meta property=\"og:title\" content=\"G\u00c4RTNERN OHNE GIESSEN - SO FUNKTIONIERT ES! - Naturgartenplanung in W\u00fcrzburg, Mainz und Umgebung\" \/>\n<meta property=\"og:description\" content=\"Immer wieder wird wegen trockener Witterung in einigen der letzten Sommer die Frage gestellt: Wie kann ich nachhaltig mit Wasser umgehen? Wie kann ich den Wasserverbrauch vermindern? Dazu hier drei Anregungen.\" \/>\n<meta property=\"og:url\" content=\"https:\/\/gr\u00fcnling-mainz.de\/seiten\/?page_id=1840\" \/>\n<meta property=\"og:site_name\" content=\"Naturgartenplanung in W\u00fcrzburg, Mainz und Umgebung\" \/>\n<meta property=\"article:modified_time\" content=\"2025-04-10T08:58:00+00:00\" \/>\n<meta property=\"og:image\" content=\"https:\/\/gr\u00fcnling-mainz.de\/seiten\/wp-content\/uploads\/2020\/06\/MG_0521.jpg\" \/>\n\t<meta property=\"og:image:width\" content=\"1000\" \/>\n\t<meta property=\"og:image:height\" content=\"667\" \/>\n\t<meta property=\"og:image:type\" content=\"image\/jpeg\" \/>\n<meta name=\"twitter:card\" content=\"summary_large_image\" \/>\n<meta name=\"twitter:label1\" content=\"Gesch\u00e4tzte Lesezeit\" \/>\n\t<meta name=\"twitter:data1\" content=\"3\u00a0Minuten\" \/>\n<script type=\"application\/ld+json\" class=\"yoast-schema-graph\">{\"@context\":\"https:\/\/schema.org\",\"@graph\":[{\"@type\":\"WebPage\",\"@id\":\"https:\/\/gr\u00fcnling-mainz.de\/seiten\/?page_id=1840\",\"url\":\"https:\/\/gr\u00fcnling-mainz.de\/seiten\/?page_id=1840\",\"name\":\"G\u00c4RTNERN OHNE GIESSEN - SO FUNKTIONIERT ES! - Naturgartenplanung in W\u00fcrzburg, Mainz und Umgebung\",\"isPartOf\":{\"@id\":\"https:\/\/gr\u00fcnling-mainz.de\/seiten\/#website\"},\"primaryImageOfPage\":{\"@id\":\"https:\/\/gr\u00fcnling-mainz.de\/seiten\/?page_id=1840#primaryimage\"},\"image\":{\"@id\":\"https:\/\/gr\u00fcnling-mainz.de\/seiten\/?page_id=1840#primaryimage\"},\"thumbnailUrl\":\"https:\/\/gr\u00fcnling-mainz.de\/seiten\/wp-content\/uploads\/2020\/06\/MG_0521.jpg\",\"datePublished\":\"2024-01-28T10:44:13+00:00\",\"dateModified\":\"2025-04-10T08:58:00+00:00\",\"description\":\"Immer wieder wird wegen trockener Witterung in einigen der letzten Sommer die Frage gestellt: Wie kann ich nachhaltig mit Wasser umgehen? Wie kann ich den Wasserverbrauch vermindern? Dazu hier drei Anregungen.\",\"breadcrumb\":{\"@id\":\"https:\/\/gr\u00fcnling-mainz.de\/seiten\/?page_id=1840#breadcrumb\"},\"inLanguage\":\"de\",\"potentialAction\":[{\"@type\":\"ReadAction\",\"target\":[\"https:\/\/gr\u00fcnling-mainz.de\/seiten\/?page_id=1840\"]}]},{\"@type\":\"ImageObject\",\"inLanguage\":\"de\",\"@id\":\"https:\/\/gr\u00fcnling-mainz.de\/seiten\/?page_id=1840#primaryimage\",\"url\":\"https:\/\/gr\u00fcnling-mainz.de\/seiten\/wp-content\/uploads\/2020\/06\/MG_0521.jpg\",\"contentUrl\":\"https:\/\/gr\u00fcnling-mainz.de\/seiten\/wp-content\/uploads\/2020\/06\/MG_0521.jpg\",\"width\":1000,\"height\":667},{\"@type\":\"BreadcrumbList\",\"@id\":\"https:\/\/gr\u00fcnling-mainz.de\/seiten\/?page_id=1840#breadcrumb\",\"itemListElement\":[{\"@type\":\"ListItem\",\"position\":1,\"name\":\"Startseite\",\"item\":\"https:\/\/gr\u00fcnling-mainz.de\/seiten\/\"},{\"@type\":\"ListItem\",\"position\":2,\"name\":\"G\u00c4RTNERN OHNE GIESSEN &#8211; SO FUNKTIONIERT ES!\"}]},{\"@type\":\"WebSite\",\"@id\":\"https:\/\/gr\u00fcnling-mainz.de\/seiten\/#website\",\"url\":\"https:\/\/gr\u00fcnling-mainz.de\/seiten\/\",\"name\":\"Naturgartenplanung in W\u00fcrzburg, Mainz und Umgebung\",\"description\":\"Gr\u00fcnling - Neues Leben f\u00fcr Ihren Garten\",\"publisher\":{\"@id\":\"https:\/\/gr\u00fcnling-mainz.de\/seiten\/#organization\"},\"potentialAction\":[{\"@type\":\"SearchAction\",\"target\":{\"@type\":\"EntryPoint\",\"urlTemplate\":\"https:\/\/gr\u00fcnling-mainz.de\/seiten\/?s={search_term_string}\"},\"query-input\":{\"@type\":\"PropertyValueSpecification\",\"valueRequired\":true,\"valueName\":\"search_term_string\"}}],\"inLanguage\":\"de\"},{\"@type\":\"Organization\",\"@id\":\"https:\/\/gr\u00fcnling-mainz.de\/seiten\/#organization\",\"name\":\"Naturnahe Gartengestaltung - Gerold Baring Liegnitz\",\"url\":\"https:\/\/gr\u00fcnling-mainz.de\/seiten\/\",\"logo\":{\"@type\":\"ImageObject\",\"inLanguage\":\"de\",\"@id\":\"https:\/\/gr\u00fcnling-mainz.de\/seiten\/#\/schema\/logo\/image\/\",\"url\":\"https:\/\/gr\u00fcnling-mainz.de\/seiten\/wp-content\/uploads\/2019\/07\/KL-P1070667.jpg\",\"contentUrl\":\"https:\/\/gr\u00fcnling-mainz.de\/seiten\/wp-content\/uploads\/2019\/07\/KL-P1070667.jpg\",\"width\":683,\"height\":1024,\"caption\":\"Naturnahe Gartengestaltung - Gerold Baring Liegnitz\"},\"image\":{\"@id\":\"https:\/\/gr\u00fcnling-mainz.de\/seiten\/#\/schema\/logo\/image\/\"}}]}<\/script>\n<!-- \/ Yoast SEO plugin. -->","yoast_head_json":{"title":"G\u00c4RTNERN OHNE GIESSEN - SO FUNKTIONIERT ES! - Naturgartenplanung in W\u00fcrzburg, Mainz und Umgebung","description":"Immer wieder wird wegen trockener Witterung in einigen der letzten Sommer die Frage gestellt: Wie kann ich nachhaltig mit Wasser umgehen? Wie kann ich den Wasserverbrauch vermindern? Dazu hier drei Anregungen.","robots":{"index":"index","follow":"follow","max-snippet":"max-snippet:-1","max-image-preview":"max-image-preview:large","max-video-preview":"max-video-preview:-1"},"canonical":"https:\/\/gr\u00fcnling-mainz.de\/seiten\/?page_id=1840","og_locale":"de_DE","og_type":"article","og_title":"G\u00c4RTNERN OHNE GIESSEN - SO FUNKTIONIERT ES! - Naturgartenplanung in W\u00fcrzburg, Mainz und Umgebung","og_description":"Immer wieder wird wegen trockener Witterung in einigen der letzten Sommer die Frage gestellt: Wie kann ich nachhaltig mit Wasser umgehen? Wie kann ich den Wasserverbrauch vermindern? Dazu hier drei Anregungen.","og_url":"https:\/\/gr\u00fcnling-mainz.de\/seiten\/?page_id=1840","og_site_name":"Naturgartenplanung in W\u00fcrzburg, Mainz und Umgebung","article_modified_time":"2025-04-10T08:58:00+00:00","og_image":[{"width":1000,"height":667,"url":"https:\/\/gr\u00fcnling-mainz.de\/seiten\/wp-content\/uploads\/2020\/06\/MG_0521.jpg","type":"image\/jpeg"}],"twitter_card":"summary_large_image","twitter_misc":{"Gesch\u00e4tzte Lesezeit":"3\u00a0Minuten"},"schema":{"@context":"https:\/\/schema.org","@graph":[{"@type":"WebPage","@id":"https:\/\/gr\u00fcnling-mainz.de\/seiten\/?page_id=1840","url":"https:\/\/gr\u00fcnling-mainz.de\/seiten\/?page_id=1840","name":"G\u00c4RTNERN OHNE GIESSEN - SO FUNKTIONIERT ES! - Naturgartenplanung in W\u00fcrzburg, Mainz und Umgebung","isPartOf":{"@id":"https:\/\/gr\u00fcnling-mainz.de\/seiten\/#website"},"primaryImageOfPage":{"@id":"https:\/\/gr\u00fcnling-mainz.de\/seiten\/?page_id=1840#primaryimage"},"image":{"@id":"https:\/\/gr\u00fcnling-mainz.de\/seiten\/?page_id=1840#primaryimage"},"thumbnailUrl":"https:\/\/gr\u00fcnling-mainz.de\/seiten\/wp-content\/uploads\/2020\/06\/MG_0521.jpg","datePublished":"2024-01-28T10:44:13+00:00","dateModified":"2025-04-10T08:58:00+00:00","description":"Immer wieder wird wegen trockener Witterung in einigen der letzten Sommer die Frage gestellt: Wie kann ich nachhaltig mit Wasser umgehen? Wie kann ich den Wasserverbrauch vermindern? Dazu hier drei Anregungen.","breadcrumb":{"@id":"https:\/\/gr\u00fcnling-mainz.de\/seiten\/?page_id=1840#breadcrumb"},"inLanguage":"de","potentialAction":[{"@type":"ReadAction","target":["https:\/\/gr\u00fcnling-mainz.de\/seiten\/?page_id=1840"]}]},{"@type":"ImageObject","inLanguage":"de","@id":"https:\/\/gr\u00fcnling-mainz.de\/seiten\/?page_id=1840#primaryimage","url":"https:\/\/gr\u00fcnling-mainz.de\/seiten\/wp-content\/uploads\/2020\/06\/MG_0521.jpg","contentUrl":"https:\/\/gr\u00fcnling-mainz.de\/seiten\/wp-content\/uploads\/2020\/06\/MG_0521.jpg","width":1000,"height":667},{"@type":"BreadcrumbList","@id":"https:\/\/gr\u00fcnling-mainz.de\/seiten\/?page_id=1840#breadcrumb","itemListElement":[{"@type":"ListItem","position":1,"name":"Startseite","item":"https:\/\/gr\u00fcnling-mainz.de\/seiten\/"},{"@type":"ListItem","position":2,"name":"G\u00c4RTNERN OHNE GIESSEN &#8211; SO FUNKTIONIERT ES!"}]},{"@type":"WebSite","@id":"https:\/\/gr\u00fcnling-mainz.de\/seiten\/#website","url":"https:\/\/gr\u00fcnling-mainz.de\/seiten\/","name":"Naturgartenplanung in W\u00fcrzburg, Mainz und Umgebung","description":"Gr\u00fcnling - Neues Leben f\u00fcr Ihren Garten","publisher":{"@id":"https:\/\/gr\u00fcnling-mainz.de\/seiten\/#organization"},"potentialAction":[{"@type":"SearchAction","target":{"@type":"EntryPoint","urlTemplate":"https:\/\/gr\u00fcnling-mainz.de\/seiten\/?s={search_term_string}"},"query-input":{"@type":"PropertyValueSpecification","valueRequired":true,"valueName":"search_term_string"}}],"inLanguage":"de"},{"@type":"Organization","@id":"https:\/\/gr\u00fcnling-mainz.de\/seiten\/#organization","name":"Naturnahe Gartengestaltung - Gerold Baring Liegnitz","url":"https:\/\/gr\u00fcnling-mainz.de\/seiten\/","logo":{"@type":"ImageObject","inLanguage":"de","@id":"https:\/\/gr\u00fcnling-mainz.de\/seiten\/#\/schema\/logo\/image\/","url":"https:\/\/gr\u00fcnling-mainz.de\/seiten\/wp-content\/uploads\/2019\/07\/KL-P1070667.jpg","contentUrl":"https:\/\/gr\u00fcnling-mainz.de\/seiten\/wp-content\/uploads\/2019\/07\/KL-P1070667.jpg","width":683,"height":1024,"caption":"Naturnahe Gartengestaltung - Gerold Baring Liegnitz"},"image":{"@id":"https:\/\/gr\u00fcnling-mainz.de\/seiten\/#\/schema\/logo\/image\/"}}]}},"_links":{"self":[{"href":"https:\/\/gr\u00fcnling-mainz.de\/seiten\/index.php?rest_route=\/wp\/v2\/pages\/1840"}],"collection":[{"href":"https:\/\/gr\u00fcnling-mainz.de\/seiten\/index.php?rest_route=\/wp\/v2\/pages"}],"about":[{"href":"https:\/\/gr\u00fcnling-mainz.de\/seiten\/index.php?rest_route=\/wp\/v2\/types\/page"}],"author":[{"embeddable":true,"href":"https:\/\/gr\u00fcnling-mainz.de\/seiten\/index.php?rest_route=\/wp\/v2\/users\/1"}],"replies":[{"embeddable":true,"href":"https:\/\/gr\u00fcnling-mainz.de\/seiten\/index.php?rest_route=%2Fwp%2Fv2%2Fcomments&post=1840"}],"version-history":[{"count":17,"href":"https:\/\/gr\u00fcnling-mainz.de\/seiten\/index.php?rest_route=\/wp\/v2\/pages\/1840\/revisions"}],"predecessor-version":[{"id":2198,"href":"https:\/\/gr\u00fcnling-mainz.de\/seiten\/index.php?rest_route=\/wp\/v2\/pages\/1840\/revisions\/2198"}],"wp:featuredmedia":[{"embeddable":true,"href":"https:\/\/gr\u00fcnling-mainz.de\/seiten\/index.php?rest_route=\/wp\/v2\/media\/441"}],"wp:attachment":[{"href":"https:\/\/gr\u00fcnling-mainz.de\/seiten\/index.php?rest_route=%2Fwp%2Fv2%2Fmedia&parent=1840"}],"curies":[{"name":"wp","href":"https:\/\/api.w.org\/{rel}","templated":true}]}}