{"id":141,"date":"2019-07-19T23:03:23","date_gmt":"2019-07-19T21:03:23","guid":{"rendered":"http:\/\/gr\u00fcnling-mainz.de\/seiten\/?page_id=141"},"modified":"2026-02-25T16:09:36","modified_gmt":"2026-02-25T15:09:36","slug":"veranstaltungen","status":"publish","type":"page","link":"https:\/\/gr\u00fcnling-mainz.de\/seiten\/?page_id=141","title":{"rendered":"Veranstaltungen"},"content":{"rendered":"\n<p><\/p>\n\n\n\n<figure class=\"wp-block-image size-full\"><img loading=\"lazy\" decoding=\"async\" width=\"800\" height=\"600\" src=\"https:\/\/gr\u00fcnling-mainz.de\/seiten\/wp-content\/uploads\/2023\/02\/Vortrag-2020-IMG_20200219_180635.jpg\" alt=\"\" class=\"wp-image-1510\" srcset=\"https:\/\/gr\u00fcnling-mainz.de\/seiten\/wp-content\/uploads\/2023\/02\/Vortrag-2020-IMG_20200219_180635.jpg 800w, https:\/\/gr\u00fcnling-mainz.de\/seiten\/wp-content\/uploads\/2023\/02\/Vortrag-2020-IMG_20200219_180635-300x225.jpg 300w, https:\/\/gr\u00fcnling-mainz.de\/seiten\/wp-content\/uploads\/2023\/02\/Vortrag-2020-IMG_20200219_180635-768x576.jpg 768w, https:\/\/gr\u00fcnling-mainz.de\/seiten\/wp-content\/uploads\/2023\/02\/Vortrag-2020-IMG_20200219_180635-400x300.jpg 400w\" sizes=\"(max-width: 800px) 100vw, 800px\" \/><\/figure>\n\n\n\n<h1 class=\"wp-block-heading\" style=\"font-size:24px\"><mark style=\"background-color:rgba(0, 0, 0, 0)\" class=\"has-inline-color has-black-color\">2026 <\/mark>\u2026 in W\u00fcrzburg und Umgebung sowie Mainz und Umgebung<\/h1>\n\n\n\n<p style=\"font-size:14px\"><\/p>\n\n\n\n<hr class=\"wp-block-separator has-alpha-channel-opacity\"\/>\n\n\n\n<p class=\"has-medium-font-size\">Januar\/Februar: St\u00e4nde bei Samenb\u00f6rse\/Saatgutfestival<\/p>\n\n\n\n<hr class=\"wp-block-separator has-alpha-channel-opacity\"\/>\n\n\n\n<p class=\"has-medium-font-size\"><strong>Do., 27. Mai 2026, 17.30 Uhr<\/strong>: <br><em>Stadtb\u00fccherei W\u00fcrzburg, Falkenhaus am Markt <\/em><br><strong>Vortrag: \u00d6kologische und insektenfreundliche Stauden f\u00fcr Garten und Balkon<\/strong><br><em>N\u00e4heres folgt<\/em><\/p>\n\n\n\n<hr class=\"wp-block-separator has-alpha-channel-opacity is-style-wide\"\/>\n\n\n\n<p style=\"font-size:24px\">Und allgemein: <\/p>\n\n\n\n<p class=\"has-medium-font-size\"><strong>Mein Angebot an Vortr\u00e4gen zum naturnahen Garten &#8211; f\u00fcr Ihren Verein, Einrichtung,&#8230; &#8211; bitte fragen Sie gern nach oder schauen Sie bitte <\/strong><a href=\"https:\/\/gr\u00fcnling-mainz.de\/seiten\/?page_id=1001\">hier<\/a> <\/p>\n\n\n<hr>\n<p>Gedanke zum Naturgarten:<\/p>\n<blockquote>\n<p><strong>Ich habe Gott geschaut in der Wunderwelt der Pflanzen und bin stumm geblieben. <\/strong><\/p>\n<p>Carl von Linne<\/p>\n<\/blockquote>\n<p><a href=\"#\">Nach oben springen<\/a><\/p>\n<p><!--EndFragment--><\/p>\n\n\n<hr class=\"wp-block-separator has-alpha-channel-opacity\"\/>\n","protected":false},"excerpt":{"rendered":"<p>2026 \u2026 in W\u00fcrzburg und Umgebung sowie Mainz und Umgebung Januar\/Februar: St\u00e4nde bei Samenb\u00f6rse\/Saatgutfestival Do., 27. Mai 2026, 17.30 Uhr: Stadtb\u00fccherei W\u00fcrzburg, Falkenhaus am Markt Vortrag: \u00d6kologische und insektenfreundliche Stauden f\u00fcr Garten und BalkonN\u00e4heres folgt Und allgemein: Mein Angebot an &hellip; <a href=\"https:\/\/gr\u00fcnling-mainz.de\/seiten\/?page_id=141\">Weiterlesen <span class=\"meta-nav\">&rarr;<\/span><\/a><\/p>\n","protected":false},"author":2,"featured_media":0,"parent":0,"menu_order":0,"comment_status":"closed","ping_status":"closed","template":"","meta":{"ngg_post_thumbnail":0,"footnotes":""},"yoast_head":"<!-- This site is optimized with the Yoast SEO plugin v23.5 - https:\/\/yoast.com\/wordpress\/plugins\/seo\/ -->\n<title>Veranstaltungen - Naturgartenplanung in W\u00fcrzburg, Mainz und Umgebung<\/title>\n<meta name=\"robots\" content=\"index, follow, max-snippet:-1, max-image-preview:large, max-video-preview:-1\" \/>\n<link rel=\"canonical\" href=\"https:\/\/gr\u00fcnling-mainz.de\/seiten\/?page_id=141\" \/>\n<meta property=\"og:locale\" content=\"de_DE\" \/>\n<meta property=\"og:type\" content=\"article\" \/>\n<meta property=\"og:title\" content=\"Veranstaltungen - Naturgartenplanung in W\u00fcrzburg, Mainz und Umgebung\" \/>\n<meta property=\"og:description\" content=\"2026 \u2026 in W\u00fcrzburg und Umgebung sowie Mainz und Umgebung Januar\/Februar: St\u00e4nde bei Samenb\u00f6rse\/Saatgutfestival Do., 27. Mai 2026, 17.30 Uhr: Stadtb\u00fccherei W\u00fcrzburg, Falkenhaus am Markt Vortrag: \u00d6kologische und insektenfreundliche Stauden f\u00fcr Garten und BalkonN\u00e4heres folgt Und allgemein: Mein Angebot an &hellip; Weiterlesen &rarr;\" \/>\n<meta property=\"og:url\" content=\"https:\/\/gr\u00fcnling-mainz.de\/seiten\/?page_id=141\" \/>\n<meta property=\"og:site_name\" content=\"Naturgartenplanung in W\u00fcrzburg, Mainz und Umgebung\" \/>\n<meta property=\"article:modified_time\" content=\"2026-02-25T15:09:36+00:00\" \/>\n<meta name=\"twitter:card\" content=\"summary_large_image\" \/>\n<meta name=\"twitter:label1\" content=\"Gesch\u00e4tzte Lesezeit\" \/>\n\t<meta name=\"twitter:data1\" content=\"1\u00a0Minute\" \/>\n<script type=\"application\/ld+json\" class=\"yoast-schema-graph\">{\"@context\":\"https:\/\/schema.org\",\"@graph\":[{\"@type\":\"WebPage\",\"@id\":\"https:\/\/gr\u00fcnling-mainz.de\/seiten\/?page_id=141\",\"url\":\"https:\/\/gr\u00fcnling-mainz.de\/seiten\/?page_id=141\",\"name\":\"Veranstaltungen - Naturgartenplanung in W\u00fcrzburg, Mainz und Umgebung\",\"isPartOf\":{\"@id\":\"https:\/\/gr\u00fcnling-mainz.de\/seiten\/#website\"},\"datePublished\":\"2019-07-19T21:03:23+00:00\",\"dateModified\":\"2026-02-25T15:09:36+00:00\",\"breadcrumb\":{\"@id\":\"https:\/\/gr\u00fcnling-mainz.de\/seiten\/?page_id=141#breadcrumb\"},\"inLanguage\":\"de\",\"potentialAction\":[{\"@type\":\"ReadAction\",\"target\":[\"https:\/\/gr\u00fcnling-mainz.de\/seiten\/?page_id=141\"]}]},{\"@type\":\"BreadcrumbList\",\"@id\":\"https:\/\/gr\u00fcnling-mainz.de\/seiten\/?page_id=141#breadcrumb\",\"itemListElement\":[{\"@type\":\"ListItem\",\"position\":1,\"name\":\"Startseite\",\"item\":\"https:\/\/gr\u00fcnling-mainz.de\/seiten\/\"},{\"@type\":\"ListItem\",\"position\":2,\"name\":\"Veranstaltungen\"}]},{\"@type\":\"WebSite\",\"@id\":\"https:\/\/gr\u00fcnling-mainz.de\/seiten\/#website\",\"url\":\"https:\/\/gr\u00fcnling-mainz.de\/seiten\/\",\"name\":\"Naturgartenplanung in W\u00fcrzburg, Mainz und Umgebung\",\"description\":\"Gr\u00fcnling - Neues Leben f\u00fcr Ihren Garten\",\"publisher\":{\"@id\":\"https:\/\/gr\u00fcnling-mainz.de\/seiten\/#organization\"},\"potentialAction\":[{\"@type\":\"SearchAction\",\"target\":{\"@type\":\"EntryPoint\",\"urlTemplate\":\"https:\/\/gr\u00fcnling-mainz.de\/seiten\/?s={search_term_string}\"},\"query-input\":{\"@type\":\"PropertyValueSpecification\",\"valueRequired\":true,\"valueName\":\"search_term_string\"}}],\"inLanguage\":\"de\"},{\"@type\":\"Organization\",\"@id\":\"https:\/\/gr\u00fcnling-mainz.de\/seiten\/#organization\",\"name\":\"Naturnahe Gartengestaltung - Gerold Baring Liegnitz\",\"url\":\"https:\/\/gr\u00fcnling-mainz.de\/seiten\/\",\"logo\":{\"@type\":\"ImageObject\",\"inLanguage\":\"de\",\"@id\":\"https:\/\/gr\u00fcnling-mainz.de\/seiten\/#\/schema\/logo\/image\/\",\"url\":\"https:\/\/gr\u00fcnling-mainz.de\/seiten\/wp-content\/uploads\/2019\/07\/KL-P1070667.jpg\",\"contentUrl\":\"https:\/\/gr\u00fcnling-mainz.de\/seiten\/wp-content\/uploads\/2019\/07\/KL-P1070667.jpg\",\"width\":683,\"height\":1024,\"caption\":\"Naturnahe Gartengestaltung - Gerold Baring Liegnitz\"},\"image\":{\"@id\":\"https:\/\/gr\u00fcnling-mainz.de\/seiten\/#\/schema\/logo\/image\/\"}}]}<\/script>\n<!-- \/ Yoast SEO plugin. -->","yoast_head_json":{"title":"Veranstaltungen - Naturgartenplanung in W\u00fcrzburg, Mainz und Umgebung","robots":{"index":"index","follow":"follow","max-snippet":"max-snippet:-1","max-image-preview":"max-image-preview:large","max-video-preview":"max-video-preview:-1"},"canonical":"https:\/\/gr\u00fcnling-mainz.de\/seiten\/?page_id=141","og_locale":"de_DE","og_type":"article","og_title":"Veranstaltungen - Naturgartenplanung in W\u00fcrzburg, Mainz und Umgebung","og_description":"2026 \u2026 in W\u00fcrzburg und Umgebung sowie Mainz und Umgebung Januar\/Februar: St\u00e4nde bei Samenb\u00f6rse\/Saatgutfestival Do., 27. Mai 2026, 17.30 Uhr: Stadtb\u00fccherei W\u00fcrzburg, Falkenhaus am Markt Vortrag: \u00d6kologische und insektenfreundliche Stauden f\u00fcr Garten und BalkonN\u00e4heres folgt Und allgemein: Mein Angebot an &hellip; Weiterlesen &rarr;","og_url":"https:\/\/gr\u00fcnling-mainz.de\/seiten\/?page_id=141","og_site_name":"Naturgartenplanung in W\u00fcrzburg, Mainz und Umgebung","article_modified_time":"2026-02-25T15:09:36+00:00","twitter_card":"summary_large_image","twitter_misc":{"Gesch\u00e4tzte Lesezeit":"1\u00a0Minute"},"schema":{"@context":"https:\/\/schema.org","@graph":[{"@type":"WebPage","@id":"https:\/\/gr\u00fcnling-mainz.de\/seiten\/?page_id=141","url":"https:\/\/gr\u00fcnling-mainz.de\/seiten\/?page_id=141","name":"Veranstaltungen - Naturgartenplanung in W\u00fcrzburg, Mainz und Umgebung","isPartOf":{"@id":"https:\/\/gr\u00fcnling-mainz.de\/seiten\/#website"},"datePublished":"2019-07-19T21:03:23+00:00","dateModified":"2026-02-25T15:09:36+00:00","breadcrumb":{"@id":"https:\/\/gr\u00fcnling-mainz.de\/seiten\/?page_id=141#breadcrumb"},"inLanguage":"de","potentialAction":[{"@type":"ReadAction","target":["https:\/\/gr\u00fcnling-mainz.de\/seiten\/?page_id=141"]}]},{"@type":"BreadcrumbList","@id":"https:\/\/gr\u00fcnling-mainz.de\/seiten\/?page_id=141#breadcrumb","itemListElement":[{"@type":"ListItem","position":1,"name":"Startseite","item":"https:\/\/gr\u00fcnling-mainz.de\/seiten\/"},{"@type":"ListItem","position":2,"name":"Veranstaltungen"}]},{"@type":"WebSite","@id":"https:\/\/gr\u00fcnling-mainz.de\/seiten\/#website","url":"https:\/\/gr\u00fcnling-mainz.de\/seiten\/","name":"Naturgartenplanung in W\u00fcrzburg, Mainz und Umgebung","description":"Gr\u00fcnling - Neues Leben f\u00fcr Ihren Garten","publisher":{"@id":"https:\/\/gr\u00fcnling-mainz.de\/seiten\/#organization"},"potentialAction":[{"@type":"SearchAction","target":{"@type":"EntryPoint","urlTemplate":"https:\/\/gr\u00fcnling-mainz.de\/seiten\/?s={search_term_string}"},"query-input":{"@type":"PropertyValueSpecification","valueRequired":true,"valueName":"search_term_string"}}],"inLanguage":"de"},{"@type":"Organization","@id":"https:\/\/gr\u00fcnling-mainz.de\/seiten\/#organization","name":"Naturnahe Gartengestaltung - Gerold Baring Liegnitz","url":"https:\/\/gr\u00fcnling-mainz.de\/seiten\/","logo":{"@type":"ImageObject","inLanguage":"de","@id":"https:\/\/gr\u00fcnling-mainz.de\/seiten\/#\/schema\/logo\/image\/","url":"https:\/\/gr\u00fcnling-mainz.de\/seiten\/wp-content\/uploads\/2019\/07\/KL-P1070667.jpg","contentUrl":"https:\/\/gr\u00fcnling-mainz.de\/seiten\/wp-content\/uploads\/2019\/07\/KL-P1070667.jpg","width":683,"height":1024,"caption":"Naturnahe Gartengestaltung - Gerold Baring Liegnitz"},"image":{"@id":"https:\/\/gr\u00fcnling-mainz.de\/seiten\/#\/schema\/logo\/image\/"}}]}},"_links":{"self":[{"href":"https:\/\/gr\u00fcnling-mainz.de\/seiten\/index.php?rest_route=\/wp\/v2\/pages\/141"}],"collection":[{"href":"https:\/\/gr\u00fcnling-mainz.de\/seiten\/index.php?rest_route=\/wp\/v2\/pages"}],"about":[{"href":"https:\/\/gr\u00fcnling-mainz.de\/seiten\/index.php?rest_route=\/wp\/v2\/types\/page"}],"author":[{"embeddable":true,"href":"https:\/\/gr\u00fcnling-mainz.de\/seiten\/index.php?rest_route=\/wp\/v2\/users\/2"}],"replies":[{"embeddable":true,"href":"https:\/\/gr\u00fcnling-mainz.de\/seiten\/index.php?rest_route=%2Fwp%2Fv2%2Fcomments&post=141"}],"version-history":[{"count":450,"href":"https:\/\/gr\u00fcnling-mainz.de\/seiten\/index.php?rest_route=\/wp\/v2\/pages\/141\/revisions"}],"predecessor-version":[{"id":2347,"href":"https:\/\/gr\u00fcnling-mainz.de\/seiten\/index.php?rest_route=\/wp\/v2\/pages\/141\/revisions\/2347"}],"wp:attachment":[{"href":"https:\/\/gr\u00fcnling-mainz.de\/seiten\/index.php?rest_route=%2Fwp%2Fv2%2Fmedia&parent=141"}],"curies":[{"name":"wp","href":"https:\/\/api.w.org\/{rel}","templated":true}]}}