{"id":139,"date":"2019-07-11T17:34:43","date_gmt":"2019-07-11T15:34:43","guid":{"rendered":"http:\/\/gr\u00fcnling-mainz.de\/seiten\/?page_id=139"},"modified":"2025-04-10T15:12:47","modified_gmt":"2025-04-10T13:12:47","slug":"wir-empfehlen","status":"publish","type":"page","link":"https:\/\/gr\u00fcnling-mainz.de\/seiten\/?page_id=139","title":{"rendered":"Empfehlungen"},"content":{"rendered":"\n<p style=\"font-size:24px\"><strong>Allgemein<\/strong><\/p>\n\n\n\n<p style=\"font-size:18px\">Unsere eigenen Angebote f\u00fcr Sie <a href=\"https:\/\/gr\u00fcnling-mainz.de\/seiten\/?page_id=1354\">hier<\/a>.<\/p>\n\n\n\n<p style=\"font-size:18px\">Wer gern weiterhin ganz pers\u00f6nliche Gr\u00fc\u00dfe mit Hand schreibt, dem senden wir gern kostenlos folgende Ansichtskarte zu: <a href=\"https:\/\/gr\u00fcnling-mainz.de\/seiten\/wp-content\/uploads\/2022\/11\/Ansichtskarte-Spornblume-Wie-herrlich....pdf\">Ansichtskarte &#8222;Wie herrlich&#8230;.&#8220;<\/a><\/p>\n\n\n\n<p style=\"font-size:24px\"><strong>Mainz\/Rheinhessen<\/strong><\/p>\n\n\n\n<p style=\"font-size:18px\">Anregungen zum Naturgarten finden Sie im Naturschaugarten Lindenm\u00fchle in Mainz-Bretzenheim (\u00f6ffentlich zug\u00e4nglich), der vollst\u00e4ndig nach dem Naturgartenkonzept angelegt ist. Alles weitere <a href=\"http:\/\/www.mainz-naturnah.de\">hier<\/a>.<\/p>\n\n\n\n<p style=\"font-size:18px\">Wundersch\u00f6ne und auskunftsreiche Seiten zu den Pflanzen Rheinhessens und zu Wildbienen im Garten finden Sie <a href=\"http:\/\/www.wildblumen-rheinhessen.de\/\">hier<\/a> und <a href=\"http:\/\/wildbienengarten.de\/\">hier<\/a>.<\/p>\n\n\n\n<p style=\"font-size:18px\">Genbanken zur Erhaltung seltener Pflanzen in Mainz von Ahornblatt-Pflanzenvielfalt; N\u00e4heres <a href=\"https:\/\/ahornblatt-pflanzenvielfalt.de\/Genbanken\">hier<\/a>.<\/p>\n\n\n\n<p style=\"font-size:24px\"><strong>W\u00fcrzburg<\/strong><\/p>\n\n\n\n<p style=\"font-size:18px\">Eine gro\u00dfe Vielzahl an B\u00fcchern zu Natur und Umwelt finden Sie in der Stadtb\u00fccherei W\u00fcrzburg: <a href=\"https:\/\/www.wuerzburg.de\/themen\/kultur-bildung-kulturangebot\/stadtbuecherei\/index.html\">hier<\/a>.<\/p>\n\n\n\n<p style=\"font-size:18px\">Das \u00d6kohaus W\u00fcrzburg bildet fort zu \u00d6kologie\/Nachhaltigkeit mit inhaltsreichen Veranstaltungen. N\u00e4heres <a href=\"https:\/\/wuerzburg.bund-naturschutz.de\/veranstaltungen\">hier.<\/a><\/p>\n\n\n\n<p style=\"font-size:18px\">Die Umweltstation der Stadt W\u00fcrzburg bietet zahlreiche Veranstaltungen und Beratungsm\u00f6glichkeiten zu Umweltschutz\/Nachhaltigkeit an. N\u00e4heres <a href=\"https:\/\/www.wuerzburg.de\/themen\/umwelt-klima\/umweltstation\/aktionen-und-projekte\">hier<\/a>.&nbsp;<\/p>\n\n\n\n<hr class=\"wp-block-separator has-alpha-channel-opacity is-style-wide\"\/>\n\n\n\n<p><a href=\"#\">Nach oben springen<\/a><\/p>\n","protected":false},"excerpt":{"rendered":"<p>Allgemein Unsere eigenen Angebote f\u00fcr Sie hier. Wer gern weiterhin ganz pers\u00f6nliche Gr\u00fc\u00dfe mit Hand schreibt, dem senden wir gern kostenlos folgende Ansichtskarte zu: Ansichtskarte &#8222;Wie herrlich&#8230;.&#8220; Mainz\/Rheinhessen Anregungen zum Naturgarten finden Sie im Naturschaugarten Lindenm\u00fchle in Mainz-Bretzenheim (\u00f6ffentlich zug\u00e4nglich), &hellip; <a href=\"https:\/\/gr\u00fcnling-mainz.de\/seiten\/?page_id=139\">Weiterlesen <span class=\"meta-nav\">&rarr;<\/span><\/a><\/p>\n","protected":false},"author":1,"featured_media":0,"parent":0,"menu_order":0,"comment_status":"closed","ping_status":"closed","template":"","meta":{"ngg_post_thumbnail":0,"footnotes":""},"yoast_head":"<!-- This site is optimized with the Yoast SEO plugin v23.5 - https:\/\/yoast.com\/wordpress\/plugins\/seo\/ -->\n<title>Empfehlungen - Naturgartenplanung in W\u00fcrzburg, Mainz und Umgebung<\/title>\n<meta name=\"robots\" content=\"index, follow, max-snippet:-1, max-image-preview:large, max-video-preview:-1\" \/>\n<link rel=\"canonical\" href=\"https:\/\/gr\u00fcnling-mainz.de\/seiten\/?page_id=139\" \/>\n<meta property=\"og:locale\" content=\"de_DE\" \/>\n<meta property=\"og:type\" content=\"article\" \/>\n<meta property=\"og:title\" content=\"Empfehlungen - Naturgartenplanung in W\u00fcrzburg, Mainz und Umgebung\" \/>\n<meta property=\"og:description\" content=\"Allgemein Unsere eigenen Angebote f\u00fcr Sie hier. Wer gern weiterhin ganz pers\u00f6nliche Gr\u00fc\u00dfe mit Hand schreibt, dem senden wir gern kostenlos folgende Ansichtskarte zu: Ansichtskarte &#8222;Wie herrlich&#8230;.&#8220; Mainz\/Rheinhessen Anregungen zum Naturgarten finden Sie im Naturschaugarten Lindenm\u00fchle in Mainz-Bretzenheim (\u00f6ffentlich zug\u00e4nglich), &hellip; Weiterlesen &rarr;\" \/>\n<meta property=\"og:url\" content=\"https:\/\/gr\u00fcnling-mainz.de\/seiten\/?page_id=139\" \/>\n<meta property=\"og:site_name\" content=\"Naturgartenplanung in W\u00fcrzburg, Mainz und Umgebung\" \/>\n<meta property=\"article:modified_time\" content=\"2025-04-10T13:12:47+00:00\" \/>\n<meta name=\"twitter:card\" content=\"summary_large_image\" \/>\n<meta name=\"twitter:label1\" content=\"Gesch\u00e4tzte Lesezeit\" \/>\n\t<meta name=\"twitter:data1\" content=\"1\u00a0Minute\" \/>\n<script type=\"application\/ld+json\" class=\"yoast-schema-graph\">{\"@context\":\"https:\/\/schema.org\",\"@graph\":[{\"@type\":\"WebPage\",\"@id\":\"https:\/\/gr\u00fcnling-mainz.de\/seiten\/?page_id=139\",\"url\":\"https:\/\/gr\u00fcnling-mainz.de\/seiten\/?page_id=139\",\"name\":\"Empfehlungen - Naturgartenplanung in W\u00fcrzburg, Mainz und Umgebung\",\"isPartOf\":{\"@id\":\"https:\/\/gr\u00fcnling-mainz.de\/seiten\/#website\"},\"datePublished\":\"2019-07-11T15:34:43+00:00\",\"dateModified\":\"2025-04-10T13:12:47+00:00\",\"breadcrumb\":{\"@id\":\"https:\/\/gr\u00fcnling-mainz.de\/seiten\/?page_id=139#breadcrumb\"},\"inLanguage\":\"de\",\"potentialAction\":[{\"@type\":\"ReadAction\",\"target\":[\"https:\/\/gr\u00fcnling-mainz.de\/seiten\/?page_id=139\"]}]},{\"@type\":\"BreadcrumbList\",\"@id\":\"https:\/\/gr\u00fcnling-mainz.de\/seiten\/?page_id=139#breadcrumb\",\"itemListElement\":[{\"@type\":\"ListItem\",\"position\":1,\"name\":\"Startseite\",\"item\":\"https:\/\/gr\u00fcnling-mainz.de\/seiten\/\"},{\"@type\":\"ListItem\",\"position\":2,\"name\":\"Empfehlungen\"}]},{\"@type\":\"WebSite\",\"@id\":\"https:\/\/gr\u00fcnling-mainz.de\/seiten\/#website\",\"url\":\"https:\/\/gr\u00fcnling-mainz.de\/seiten\/\",\"name\":\"Naturgartenplanung in W\u00fcrzburg, Mainz und Umgebung\",\"description\":\"Gr\u00fcnling - Neues Leben f\u00fcr Ihren Garten\",\"publisher\":{\"@id\":\"https:\/\/gr\u00fcnling-mainz.de\/seiten\/#organization\"},\"potentialAction\":[{\"@type\":\"SearchAction\",\"target\":{\"@type\":\"EntryPoint\",\"urlTemplate\":\"https:\/\/gr\u00fcnling-mainz.de\/seiten\/?s={search_term_string}\"},\"query-input\":{\"@type\":\"PropertyValueSpecification\",\"valueRequired\":true,\"valueName\":\"search_term_string\"}}],\"inLanguage\":\"de\"},{\"@type\":\"Organization\",\"@id\":\"https:\/\/gr\u00fcnling-mainz.de\/seiten\/#organization\",\"name\":\"Naturnahe Gartengestaltung - Gerold Baring Liegnitz\",\"url\":\"https:\/\/gr\u00fcnling-mainz.de\/seiten\/\",\"logo\":{\"@type\":\"ImageObject\",\"inLanguage\":\"de\",\"@id\":\"https:\/\/gr\u00fcnling-mainz.de\/seiten\/#\/schema\/logo\/image\/\",\"url\":\"https:\/\/gr\u00fcnling-mainz.de\/seiten\/wp-content\/uploads\/2019\/07\/KL-P1070667.jpg\",\"contentUrl\":\"https:\/\/gr\u00fcnling-mainz.de\/seiten\/wp-content\/uploads\/2019\/07\/KL-P1070667.jpg\",\"width\":683,\"height\":1024,\"caption\":\"Naturnahe Gartengestaltung - Gerold Baring Liegnitz\"},\"image\":{\"@id\":\"https:\/\/gr\u00fcnling-mainz.de\/seiten\/#\/schema\/logo\/image\/\"}}]}<\/script>\n<!-- \/ Yoast SEO plugin. -->","yoast_head_json":{"title":"Empfehlungen - Naturgartenplanung in W\u00fcrzburg, Mainz und Umgebung","robots":{"index":"index","follow":"follow","max-snippet":"max-snippet:-1","max-image-preview":"max-image-preview:large","max-video-preview":"max-video-preview:-1"},"canonical":"https:\/\/gr\u00fcnling-mainz.de\/seiten\/?page_id=139","og_locale":"de_DE","og_type":"article","og_title":"Empfehlungen - Naturgartenplanung in W\u00fcrzburg, Mainz und Umgebung","og_description":"Allgemein Unsere eigenen Angebote f\u00fcr Sie hier. Wer gern weiterhin ganz pers\u00f6nliche Gr\u00fc\u00dfe mit Hand schreibt, dem senden wir gern kostenlos folgende Ansichtskarte zu: Ansichtskarte &#8222;Wie herrlich&#8230;.&#8220; Mainz\/Rheinhessen Anregungen zum Naturgarten finden Sie im Naturschaugarten Lindenm\u00fchle in Mainz-Bretzenheim (\u00f6ffentlich zug\u00e4nglich), &hellip; Weiterlesen &rarr;","og_url":"https:\/\/gr\u00fcnling-mainz.de\/seiten\/?page_id=139","og_site_name":"Naturgartenplanung in W\u00fcrzburg, Mainz und Umgebung","article_modified_time":"2025-04-10T13:12:47+00:00","twitter_card":"summary_large_image","twitter_misc":{"Gesch\u00e4tzte Lesezeit":"1\u00a0Minute"},"schema":{"@context":"https:\/\/schema.org","@graph":[{"@type":"WebPage","@id":"https:\/\/gr\u00fcnling-mainz.de\/seiten\/?page_id=139","url":"https:\/\/gr\u00fcnling-mainz.de\/seiten\/?page_id=139","name":"Empfehlungen - Naturgartenplanung in W\u00fcrzburg, Mainz und Umgebung","isPartOf":{"@id":"https:\/\/gr\u00fcnling-mainz.de\/seiten\/#website"},"datePublished":"2019-07-11T15:34:43+00:00","dateModified":"2025-04-10T13:12:47+00:00","breadcrumb":{"@id":"https:\/\/gr\u00fcnling-mainz.de\/seiten\/?page_id=139#breadcrumb"},"inLanguage":"de","potentialAction":[{"@type":"ReadAction","target":["https:\/\/gr\u00fcnling-mainz.de\/seiten\/?page_id=139"]}]},{"@type":"BreadcrumbList","@id":"https:\/\/gr\u00fcnling-mainz.de\/seiten\/?page_id=139#breadcrumb","itemListElement":[{"@type":"ListItem","position":1,"name":"Startseite","item":"https:\/\/gr\u00fcnling-mainz.de\/seiten\/"},{"@type":"ListItem","position":2,"name":"Empfehlungen"}]},{"@type":"WebSite","@id":"https:\/\/gr\u00fcnling-mainz.de\/seiten\/#website","url":"https:\/\/gr\u00fcnling-mainz.de\/seiten\/","name":"Naturgartenplanung in W\u00fcrzburg, Mainz und Umgebung","description":"Gr\u00fcnling - Neues Leben f\u00fcr Ihren Garten","publisher":{"@id":"https:\/\/gr\u00fcnling-mainz.de\/seiten\/#organization"},"potentialAction":[{"@type":"SearchAction","target":{"@type":"EntryPoint","urlTemplate":"https:\/\/gr\u00fcnling-mainz.de\/seiten\/?s={search_term_string}"},"query-input":{"@type":"PropertyValueSpecification","valueRequired":true,"valueName":"search_term_string"}}],"inLanguage":"de"},{"@type":"Organization","@id":"https:\/\/gr\u00fcnling-mainz.de\/seiten\/#organization","name":"Naturnahe Gartengestaltung - Gerold Baring Liegnitz","url":"https:\/\/gr\u00fcnling-mainz.de\/seiten\/","logo":{"@type":"ImageObject","inLanguage":"de","@id":"https:\/\/gr\u00fcnling-mainz.de\/seiten\/#\/schema\/logo\/image\/","url":"https:\/\/gr\u00fcnling-mainz.de\/seiten\/wp-content\/uploads\/2019\/07\/KL-P1070667.jpg","contentUrl":"https:\/\/gr\u00fcnling-mainz.de\/seiten\/wp-content\/uploads\/2019\/07\/KL-P1070667.jpg","width":683,"height":1024,"caption":"Naturnahe Gartengestaltung - Gerold Baring Liegnitz"},"image":{"@id":"https:\/\/gr\u00fcnling-mainz.de\/seiten\/#\/schema\/logo\/image\/"}}]}},"_links":{"self":[{"href":"https:\/\/gr\u00fcnling-mainz.de\/seiten\/index.php?rest_route=\/wp\/v2\/pages\/139"}],"collection":[{"href":"https:\/\/gr\u00fcnling-mainz.de\/seiten\/index.php?rest_route=\/wp\/v2\/pages"}],"about":[{"href":"https:\/\/gr\u00fcnling-mainz.de\/seiten\/index.php?rest_route=\/wp\/v2\/types\/page"}],"author":[{"embeddable":true,"href":"https:\/\/gr\u00fcnling-mainz.de\/seiten\/index.php?rest_route=\/wp\/v2\/users\/1"}],"replies":[{"embeddable":true,"href":"https:\/\/gr\u00fcnling-mainz.de\/seiten\/index.php?rest_route=%2Fwp%2Fv2%2Fcomments&post=139"}],"version-history":[{"count":51,"href":"https:\/\/gr\u00fcnling-mainz.de\/seiten\/index.php?rest_route=\/wp\/v2\/pages\/139\/revisions"}],"predecessor-version":[{"id":2220,"href":"https:\/\/gr\u00fcnling-mainz.de\/seiten\/index.php?rest_route=\/wp\/v2\/pages\/139\/revisions\/2220"}],"wp:attachment":[{"href":"https:\/\/gr\u00fcnling-mainz.de\/seiten\/index.php?rest_route=%2Fwp%2Fv2%2Fmedia&parent=139"}],"curies":[{"name":"wp","href":"https:\/\/api.w.org\/{rel}","templated":true}]}}